{"id":3402403,"date":"2025-10-09T22:39:07","date_gmt":"2025-10-10T02:39:07","guid":{"rendered":"https:\/\/stoic-curie.212-227-153-4.plesk.page\/product\/johnson-in-line-rueckschlagventil-19-32mm\/"},"modified":"2026-02-24T23:34:47","modified_gmt":"2026-02-24T23:34:47","slug":"johnson-in-line-rueckschlagventil-19-32mm","status":"publish","type":"product","link":"https:\/\/stoic-curie.212-227-153-4.plesk.page\/de\/product\/johnson-in-line-rueckschlagventil-19-32mm\/","title":{"rendered":"Johnson In-Line R\u00fcckschlagventil 19-32mm"},"content":{"rendered":"<p>Johnson In-Line R\u00fcckschlagventil 19-32mm &#8211; <\/p>\n<p>Johnson Kunststoff-R\u00fcckschlagventil. Es sorgt f\u00fcr die Beibehaltung der Ansaugf\u00f6rderung in Saugrohren. Montiert in der Leitung, Wartung und Reinigung ohne Verwendung von Werkzeugen.<\/p>\n","protected":false},"excerpt":{"rendered":"<p>Johnson In-Line R\u00fcckschlagventil 19-32mm &#8211; Johnson Kunststoff-R\u00fcckschlagventil. Es sorgt f\u00fcr die Beibehaltung der Ansaugf\u00f6rderung in Saugrohren. Montiert in der Leitung,<\/p>\n","protected":false},"featured_media":5936713,"comment_status":"closed","ping_status":"closed","template":"","meta":[],"product_brand":[3045],"product_cat":[1374,1383],"product_tag":[],"class_list":{"0":"post-3402403","1":"product","2":"type-product","3":"status-publish","4":"has-post-thumbnail","6":"product_brand-johnson-marine-de","7":"product_cat-kunststoff-wasserinstallationsarmaturen","8":"product_cat-marine-ventile","10":"first","11":"instock","12":"shipping-taxable","13":"purchasable","14":"product-type-simple"},"_links":{"self":[{"href":"https:\/\/stoic-curie.212-227-153-4.plesk.page\/de\/wp-json\/wp\/v2\/product\/3402403","targetHints":{"allow":["GET"]}}],"collection":[{"href":"https:\/\/stoic-curie.212-227-153-4.plesk.page\/de\/wp-json\/wp\/v2\/product"}],"about":[{"href":"https:\/\/stoic-curie.212-227-153-4.plesk.page\/de\/wp-json\/wp\/v2\/types\/product"}],"replies":[{"embeddable":true,"href":"https:\/\/stoic-curie.212-227-153-4.plesk.page\/de\/wp-json\/wp\/v2\/comments?post=3402403"}],"version-history":[{"count":0,"href":"https:\/\/stoic-curie.212-227-153-4.plesk.page\/de\/wp-json\/wp\/v2\/product\/3402403\/revisions"}],"wp:featuredmedia":[{"embeddable":true,"href":"https:\/\/stoic-curie.212-227-153-4.plesk.page\/de\/wp-json\/wp\/v2\/media\/5936713"}],"wp:attachment":[{"href":"https:\/\/stoic-curie.212-227-153-4.plesk.page\/de\/wp-json\/wp\/v2\/media?parent=3402403"}],"wp:term":[{"taxonomy":"product_brand","embeddable":true,"href":"https:\/\/stoic-curie.212-227-153-4.plesk.page\/de\/wp-json\/wp\/v2\/product_brand?post=3402403"},{"taxonomy":"product_cat","embeddable":true,"href":"https:\/\/stoic-curie.212-227-153-4.plesk.page\/de\/wp-json\/wp\/v2\/product_cat?post=3402403"},{"taxonomy":"product_tag","embeddable":true,"href":"https:\/\/stoic-curie.212-227-153-4.plesk.page\/de\/wp-json\/wp\/v2\/product_tag?post=3402403"}],"curies":[{"name":"wp","href":"https:\/\/api.w.org\/{rel}","templated":true}]}}