{"id":3403979,"date":"2025-10-09T22:40:06","date_gmt":"2025-10-10T02:40:06","guid":{"rendered":"https:\/\/stoic-curie.212-227-153-4.plesk.page\/product\/polypropylen-schlauchverbinder-1-2-x-20mm\/"},"modified":"2026-02-24T23:34:48","modified_gmt":"2026-02-24T23:34:48","slug":"polypropylen-schlauchverbinder-1-2-x-20mm","status":"publish","type":"product","link":"https:\/\/stoic-curie.212-227-153-4.plesk.page\/de\/product\/polypropylen-schlauchverbinder-1-2-x-20mm\/","title":{"rendered":"Polypropylen-Schlauchverbinder 1\/2&#8243; x 20mm"},"content":{"rendered":"<p>Polypropylen-Schlauchverbinder 1\/2&#8243; x 20mm &#8211; <\/p>\n<p>Polypropylen-Muffen f\u00fcr Schl\u00e4uche. Die Polypropylen (PP) Fittings bieten die ideale L\u00f6sung f\u00fcr verschiedene nautische Anwendungen sowie f\u00fcr hei\u00dfe und kalte Wasserdrucksysteme. Sie sind ungiftig, widerstandsf\u00e4hig gegen Abnutzung, Abrieb und atmosph\u00e4rische Einfl\u00fcsse.<\/p>\n","protected":false},"excerpt":{"rendered":"<p>Polypropylen-Schlauchverbinder 1\/2&#8243; x 20mm &#8211; Polypropylen-Muffen f\u00fcr Schl\u00e4uche. Die Polypropylen (PP) Fittings bieten die ideale L\u00f6sung f\u00fcr verschiedene nautische Anwendungen<\/p>\n","protected":false},"featured_media":5938701,"comment_status":"closed","ping_status":"closed","template":"","meta":[],"product_brand":[3355],"product_cat":[1374],"product_tag":[],"class_list":{"0":"post-3403979","1":"product","2":"type-product","3":"status-publish","4":"has-post-thumbnail","6":"product_brand-seaflow-de","7":"product_cat-kunststoff-wasserinstallationsarmaturen","9":"first","10":"instock","11":"shipping-taxable","12":"purchasable","13":"product-type-simple"},"_links":{"self":[{"href":"https:\/\/stoic-curie.212-227-153-4.plesk.page\/de\/wp-json\/wp\/v2\/product\/3403979","targetHints":{"allow":["GET"]}}],"collection":[{"href":"https:\/\/stoic-curie.212-227-153-4.plesk.page\/de\/wp-json\/wp\/v2\/product"}],"about":[{"href":"https:\/\/stoic-curie.212-227-153-4.plesk.page\/de\/wp-json\/wp\/v2\/types\/product"}],"replies":[{"embeddable":true,"href":"https:\/\/stoic-curie.212-227-153-4.plesk.page\/de\/wp-json\/wp\/v2\/comments?post=3403979"}],"version-history":[{"count":0,"href":"https:\/\/stoic-curie.212-227-153-4.plesk.page\/de\/wp-json\/wp\/v2\/product\/3403979\/revisions"}],"wp:featuredmedia":[{"embeddable":true,"href":"https:\/\/stoic-curie.212-227-153-4.plesk.page\/de\/wp-json\/wp\/v2\/media\/5938701"}],"wp:attachment":[{"href":"https:\/\/stoic-curie.212-227-153-4.plesk.page\/de\/wp-json\/wp\/v2\/media?parent=3403979"}],"wp:term":[{"taxonomy":"product_brand","embeddable":true,"href":"https:\/\/stoic-curie.212-227-153-4.plesk.page\/de\/wp-json\/wp\/v2\/product_brand?post=3403979"},{"taxonomy":"product_cat","embeddable":true,"href":"https:\/\/stoic-curie.212-227-153-4.plesk.page\/de\/wp-json\/wp\/v2\/product_cat?post=3403979"},{"taxonomy":"product_tag","embeddable":true,"href":"https:\/\/stoic-curie.212-227-153-4.plesk.page\/de\/wp-json\/wp\/v2\/product_tag?post=3403979"}],"curies":[{"name":"wp","href":"https:\/\/api.w.org\/{rel}","templated":true}]}}