{"id":3403987,"date":"2025-10-09T22:40:06","date_gmt":"2025-10-10T02:40:06","guid":{"rendered":"https:\/\/stoic-curie.212-227-153-4.plesk.page\/product\/polypropylen-schlauchverbinder-3-4-x-20mm\/"},"modified":"2026-02-24T23:34:48","modified_gmt":"2026-02-24T23:34:48","slug":"polypropylen-schlauchverbinder-3-4-x-20mm","status":"publish","type":"product","link":"https:\/\/stoic-curie.212-227-153-4.plesk.page\/de\/product\/polypropylen-schlauchverbinder-3-4-x-20mm\/","title":{"rendered":"Polypropylen-Schlauchverbinder 3\/4&#8243; x 20mm"},"content":{"rendered":"<p>Polypropylen-Schlauchverbinder 3\/4&#8243; x 20mm &#8211; <\/p>\n<p>Polypropylen-M\u00e4nnchenrohr f\u00fcr Schlauch. Die Polypropylen (PP) Fittings bieten die perfekte L\u00f6sung f\u00fcr verschiedene nautische Anwendungen, sowohl f\u00fcr Drucksysteme mit hei\u00dfem als auch kaltem Wasser. Ungiftig, verschlei\u00dffest und best\u00e4ndig gegen atmosph\u00e4rische Einfl\u00fcsse.<\/p>\n","protected":false},"excerpt":{"rendered":"<p>Polypropylen-Schlauchverbinder 3\/4&#8243; x 20mm &#8211; Polypropylen-M\u00e4nnchenrohr f\u00fcr Schlauch. Die Polypropylen (PP) Fittings bieten die perfekte L\u00f6sung f\u00fcr verschiedene nautische Anwendungen,<\/p>\n","protected":false},"featured_media":5938701,"comment_status":"closed","ping_status":"closed","template":"","meta":[],"product_brand":[3355],"product_cat":[1374],"product_tag":[],"class_list":{"0":"post-3403987","1":"product","2":"type-product","3":"status-publish","4":"has-post-thumbnail","6":"product_brand-seaflow-de","7":"product_cat-kunststoff-wasserinstallationsarmaturen","9":"first","10":"instock","11":"shipping-taxable","12":"purchasable","13":"product-type-simple"},"_links":{"self":[{"href":"https:\/\/stoic-curie.212-227-153-4.plesk.page\/de\/wp-json\/wp\/v2\/product\/3403987","targetHints":{"allow":["GET"]}}],"collection":[{"href":"https:\/\/stoic-curie.212-227-153-4.plesk.page\/de\/wp-json\/wp\/v2\/product"}],"about":[{"href":"https:\/\/stoic-curie.212-227-153-4.plesk.page\/de\/wp-json\/wp\/v2\/types\/product"}],"replies":[{"embeddable":true,"href":"https:\/\/stoic-curie.212-227-153-4.plesk.page\/de\/wp-json\/wp\/v2\/comments?post=3403987"}],"version-history":[{"count":0,"href":"https:\/\/stoic-curie.212-227-153-4.plesk.page\/de\/wp-json\/wp\/v2\/product\/3403987\/revisions"}],"wp:featuredmedia":[{"embeddable":true,"href":"https:\/\/stoic-curie.212-227-153-4.plesk.page\/de\/wp-json\/wp\/v2\/media\/5938701"}],"wp:attachment":[{"href":"https:\/\/stoic-curie.212-227-153-4.plesk.page\/de\/wp-json\/wp\/v2\/media?parent=3403987"}],"wp:term":[{"taxonomy":"product_brand","embeddable":true,"href":"https:\/\/stoic-curie.212-227-153-4.plesk.page\/de\/wp-json\/wp\/v2\/product_brand?post=3403987"},{"taxonomy":"product_cat","embeddable":true,"href":"https:\/\/stoic-curie.212-227-153-4.plesk.page\/de\/wp-json\/wp\/v2\/product_cat?post=3403987"},{"taxonomy":"product_tag","embeddable":true,"href":"https:\/\/stoic-curie.212-227-153-4.plesk.page\/de\/wp-json\/wp\/v2\/product_tag?post=3403987"}],"curies":[{"name":"wp","href":"https:\/\/api.w.org\/{rel}","templated":true}]}}