{"id":3404105,"date":"2025-10-09T22:40:10","date_gmt":"2025-10-10T02:40:10","guid":{"rendered":"https:\/\/stoic-curie.212-227-153-4.plesk.page\/product\/polypropylenbogen-f-f-3-4\/"},"modified":"2026-02-24T23:34:48","modified_gmt":"2026-02-24T23:34:48","slug":"polypropylenbogen-f-f-3-4","status":"publish","type":"product","link":"https:\/\/stoic-curie.212-227-153-4.plesk.page\/de\/product\/polypropylenbogen-f-f-3-4\/","title":{"rendered":"Polypropylenbogen F-F 3\/4&#8243;"},"content":{"rendered":"<p>Polypropylenbogen F-F 3\/4&#8243; &#8211; <\/p>\n<p>Weiblich-weibliches Polypropylen-Ellenbogen. Die Polypropylen (PP) Fittings bieten die perfekte L\u00f6sung f\u00fcr verschiedene nautische Anwendungen sowie f\u00fcr Drucksysteme mit hei\u00dfem und kaltem Wasser. Sie sind ungiftig, strapazierf\u00e4hig und widerstandsf\u00e4hig gegen Abnutzung und atmosph\u00e4rische Einfl\u00fcsse.<\/p>\n","protected":false},"excerpt":{"rendered":"<p>Polypropylenbogen F-F 3\/4&#8243; &#8211; Weiblich-weibliches Polypropylen-Ellenbogen. Die Polypropylen (PP) Fittings bieten die perfekte L\u00f6sung f\u00fcr verschiedene nautische Anwendungen sowie f\u00fcr<\/p>\n","protected":false},"featured_media":5938703,"comment_status":"closed","ping_status":"closed","template":"","meta":[],"product_brand":[3355],"product_cat":[1374],"product_tag":[],"class_list":{"0":"post-3404105","1":"product","2":"type-product","3":"status-publish","4":"has-post-thumbnail","6":"product_brand-seaflow-de","7":"product_cat-kunststoff-wasserinstallationsarmaturen","9":"first","10":"instock","11":"shipping-taxable","12":"purchasable","13":"product-type-simple"},"_links":{"self":[{"href":"https:\/\/stoic-curie.212-227-153-4.plesk.page\/de\/wp-json\/wp\/v2\/product\/3404105","targetHints":{"allow":["GET"]}}],"collection":[{"href":"https:\/\/stoic-curie.212-227-153-4.plesk.page\/de\/wp-json\/wp\/v2\/product"}],"about":[{"href":"https:\/\/stoic-curie.212-227-153-4.plesk.page\/de\/wp-json\/wp\/v2\/types\/product"}],"replies":[{"embeddable":true,"href":"https:\/\/stoic-curie.212-227-153-4.plesk.page\/de\/wp-json\/wp\/v2\/comments?post=3404105"}],"version-history":[{"count":0,"href":"https:\/\/stoic-curie.212-227-153-4.plesk.page\/de\/wp-json\/wp\/v2\/product\/3404105\/revisions"}],"wp:featuredmedia":[{"embeddable":true,"href":"https:\/\/stoic-curie.212-227-153-4.plesk.page\/de\/wp-json\/wp\/v2\/media\/5938703"}],"wp:attachment":[{"href":"https:\/\/stoic-curie.212-227-153-4.plesk.page\/de\/wp-json\/wp\/v2\/media?parent=3404105"}],"wp:term":[{"taxonomy":"product_brand","embeddable":true,"href":"https:\/\/stoic-curie.212-227-153-4.plesk.page\/de\/wp-json\/wp\/v2\/product_brand?post=3404105"},{"taxonomy":"product_cat","embeddable":true,"href":"https:\/\/stoic-curie.212-227-153-4.plesk.page\/de\/wp-json\/wp\/v2\/product_cat?post=3404105"},{"taxonomy":"product_tag","embeddable":true,"href":"https:\/\/stoic-curie.212-227-153-4.plesk.page\/de\/wp-json\/wp\/v2\/product_tag?post=3404105"}],"curies":[{"name":"wp","href":"https:\/\/api.w.org\/{rel}","templated":true}]}}