{"id":3404365,"date":"2025-10-09T22:40:20","date_gmt":"2025-10-10T02:40:20","guid":{"rendered":"https:\/\/stoic-curie.212-227-153-4.plesk.page\/product\/edelstahl-rundspuele-300-x-h150-mm\/"},"modified":"2026-02-24T23:34:48","modified_gmt":"2026-02-24T23:34:48","slug":"edelstahl-rundspuele-300-x-h150-mm","status":"publish","type":"product","link":"https:\/\/stoic-curie.212-227-153-4.plesk.page\/de\/product\/edelstahl-rundspuele-300-x-h150-mm\/","title":{"rendered":"Edelstahl-Rundsp\u00fcle 300 x H150 mm"},"content":{"rendered":"<p>Edelstahl-Rundsp\u00fcle 300 x H150 mm &#8211; <\/p>\n<p>Runde, polierte Edelstahlwaschsch\u00fcssel. Kann mit einem \u00d8 50 mm Ablaufanschluss erg\u00e4nzt werden.<\/p>\n","protected":false},"excerpt":{"rendered":"<p>Edelstahl-Rundsp\u00fcle 300 x H150 mm &#8211; Runde, polierte Edelstahlwaschsch\u00fcssel. Kann mit einem \u00d8 50 mm Ablaufanschluss erg\u00e4nzt werden.<\/p>\n","protected":false},"featured_media":5938718,"comment_status":"closed","ping_status":"closed","template":"","meta":[],"product_brand":[3460],"product_cat":[1376],"product_tag":[],"class_list":{"0":"post-3404365","1":"product","2":"type-product","3":"status-publish","4":"has-post-thumbnail","6":"product_brand-techimpex-de","7":"product_cat-spuelbecken","9":"first","10":"instock","11":"shipping-taxable","12":"purchasable","13":"product-type-simple"},"_links":{"self":[{"href":"https:\/\/stoic-curie.212-227-153-4.plesk.page\/de\/wp-json\/wp\/v2\/product\/3404365","targetHints":{"allow":["GET"]}}],"collection":[{"href":"https:\/\/stoic-curie.212-227-153-4.plesk.page\/de\/wp-json\/wp\/v2\/product"}],"about":[{"href":"https:\/\/stoic-curie.212-227-153-4.plesk.page\/de\/wp-json\/wp\/v2\/types\/product"}],"replies":[{"embeddable":true,"href":"https:\/\/stoic-curie.212-227-153-4.plesk.page\/de\/wp-json\/wp\/v2\/comments?post=3404365"}],"version-history":[{"count":0,"href":"https:\/\/stoic-curie.212-227-153-4.plesk.page\/de\/wp-json\/wp\/v2\/product\/3404365\/revisions"}],"wp:featuredmedia":[{"embeddable":true,"href":"https:\/\/stoic-curie.212-227-153-4.plesk.page\/de\/wp-json\/wp\/v2\/media\/5938718"}],"wp:attachment":[{"href":"https:\/\/stoic-curie.212-227-153-4.plesk.page\/de\/wp-json\/wp\/v2\/media?parent=3404365"}],"wp:term":[{"taxonomy":"product_brand","embeddable":true,"href":"https:\/\/stoic-curie.212-227-153-4.plesk.page\/de\/wp-json\/wp\/v2\/product_brand?post=3404365"},{"taxonomy":"product_cat","embeddable":true,"href":"https:\/\/stoic-curie.212-227-153-4.plesk.page\/de\/wp-json\/wp\/v2\/product_cat?post=3404365"},{"taxonomy":"product_tag","embeddable":true,"href":"https:\/\/stoic-curie.212-227-153-4.plesk.page\/de\/wp-json\/wp\/v2\/product_tag?post=3404365"}],"curies":[{"name":"wp","href":"https:\/\/api.w.org\/{rel}","templated":true}]}}