{"id":3404479,"date":"2025-10-09T22:40:24","date_gmt":"2025-10-10T02:40:24","guid":{"rendered":"https:\/\/stoic-curie.212-227-153-4.plesk.page\/product\/kit-einfuellstutzen-fuer-wassertanks\/"},"modified":"2026-02-24T23:34:48","modified_gmt":"2026-02-24T23:34:48","slug":"kit-einfuellstutzen-fuer-wassertanks","status":"publish","type":"product","link":"https:\/\/stoic-curie.212-227-153-4.plesk.page\/de\/product\/kit-einfuellstutzen-fuer-wassertanks\/","title":{"rendered":"Kit Einf\u00fcllstutzen f\u00fcr Wassertanks"},"content":{"rendered":"<p>Kit Einf\u00fcllstutzen f\u00fcr Wassertanks &#8211; <\/p>\n<p>Einlassrohr-zu-Schlauchkupplung f\u00fcr Frischwassertanks. Sie kann sowohl in gerader als auch in geneigter Position an der Luke montiert werden. Bestehend aus zwei Teilen, beide mit 1&#8243;1\/2 Zoll Innengewinde, komplett mit Dichtung.<\/p>\n","protected":false},"excerpt":{"rendered":"<p>Kit Einf\u00fcllstutzen f\u00fcr Wassertanks &#8211; Einlassrohr-zu-Schlauchkupplung f\u00fcr Frischwassertanks. Sie kann sowohl in gerader als auch in geneigter Position an der<\/p>\n","protected":false},"featured_media":5938793,"comment_status":"closed","ping_status":"closed","template":"","meta":[],"product_brand":[2855],"product_cat":[1377],"product_tag":[],"class_list":{"0":"post-3404479","1":"product","2":"type-product","3":"status-publish","4":"has-post-thumbnail","6":"product_brand-can-marine-de","7":"product_cat-wassertanks","9":"first","10":"instock","11":"shipping-taxable","12":"purchasable","13":"product-type-simple"},"_links":{"self":[{"href":"https:\/\/stoic-curie.212-227-153-4.plesk.page\/de\/wp-json\/wp\/v2\/product\/3404479","targetHints":{"allow":["GET"]}}],"collection":[{"href":"https:\/\/stoic-curie.212-227-153-4.plesk.page\/de\/wp-json\/wp\/v2\/product"}],"about":[{"href":"https:\/\/stoic-curie.212-227-153-4.plesk.page\/de\/wp-json\/wp\/v2\/types\/product"}],"replies":[{"embeddable":true,"href":"https:\/\/stoic-curie.212-227-153-4.plesk.page\/de\/wp-json\/wp\/v2\/comments?post=3404479"}],"version-history":[{"count":0,"href":"https:\/\/stoic-curie.212-227-153-4.plesk.page\/de\/wp-json\/wp\/v2\/product\/3404479\/revisions"}],"wp:featuredmedia":[{"embeddable":true,"href":"https:\/\/stoic-curie.212-227-153-4.plesk.page\/de\/wp-json\/wp\/v2\/media\/5938793"}],"wp:attachment":[{"href":"https:\/\/stoic-curie.212-227-153-4.plesk.page\/de\/wp-json\/wp\/v2\/media?parent=3404479"}],"wp:term":[{"taxonomy":"product_brand","embeddable":true,"href":"https:\/\/stoic-curie.212-227-153-4.plesk.page\/de\/wp-json\/wp\/v2\/product_brand?post=3404479"},{"taxonomy":"product_cat","embeddable":true,"href":"https:\/\/stoic-curie.212-227-153-4.plesk.page\/de\/wp-json\/wp\/v2\/product_cat?post=3404479"},{"taxonomy":"product_tag","embeddable":true,"href":"https:\/\/stoic-curie.212-227-153-4.plesk.page\/de\/wp-json\/wp\/v2\/product_tag?post=3404479"}],"curies":[{"name":"wp","href":"https:\/\/api.w.org\/{rel}","templated":true}]}}