{"id":3404510,"date":"2025-10-09T22:40:25","date_gmt":"2025-10-10T02:40:25","guid":{"rendered":"https:\/\/stoic-curie.212-227-153-4.plesk.page\/product\/blockierhalterung-fuer-igloo-kuehlschraenke\/"},"modified":"2026-02-24T23:34:48","modified_gmt":"2026-02-24T23:34:48","slug":"blockierhalterung-fuer-igloo-kuehlschraenke","status":"publish","type":"product","link":"https:\/\/stoic-curie.212-227-153-4.plesk.page\/de\/product\/blockierhalterung-fuer-igloo-kuehlschraenke\/","title":{"rendered":"Blockierhalterung f\u00fcr Igloo-K\u00fchlschr\u00e4nke"},"content":{"rendered":"<p>Blockierhalterung f\u00fcr Igloo-K\u00fchlschr\u00e4nke &#8211; <\/p>\n<p>Universelles tragbares K\u00fchlbox-Montageset aus 4 Ecken + 2 elastischen B\u00e4ndern, die durch die Griffe gespannt werden k\u00f6nnen.<\/p>\n","protected":false},"excerpt":{"rendered":"<p>Blockierhalterung f\u00fcr Igloo-K\u00fchlschr\u00e4nke &#8211; Universelles tragbares K\u00fchlbox-Montageset aus 4 Ecken + 2 elastischen B\u00e4ndern, die durch die Griffe gespannt werden<\/p>\n","protected":false},"featured_media":5938814,"comment_status":"closed","ping_status":"closed","template":"","meta":[],"product_brand":[3015],"product_cat":[1359],"product_tag":[],"class_list":{"0":"post-3404510","1":"product","2":"type-product","3":"status-publish","4":"has-post-thumbnail","6":"product_brand-igloo-marine-de","7":"product_cat-kuehlbox-kuehlgeraete","9":"first","10":"instock","11":"shipping-taxable","12":"purchasable","13":"product-type-simple"},"_links":{"self":[{"href":"https:\/\/stoic-curie.212-227-153-4.plesk.page\/de\/wp-json\/wp\/v2\/product\/3404510","targetHints":{"allow":["GET"]}}],"collection":[{"href":"https:\/\/stoic-curie.212-227-153-4.plesk.page\/de\/wp-json\/wp\/v2\/product"}],"about":[{"href":"https:\/\/stoic-curie.212-227-153-4.plesk.page\/de\/wp-json\/wp\/v2\/types\/product"}],"replies":[{"embeddable":true,"href":"https:\/\/stoic-curie.212-227-153-4.plesk.page\/de\/wp-json\/wp\/v2\/comments?post=3404510"}],"version-history":[{"count":0,"href":"https:\/\/stoic-curie.212-227-153-4.plesk.page\/de\/wp-json\/wp\/v2\/product\/3404510\/revisions"}],"wp:featuredmedia":[{"embeddable":true,"href":"https:\/\/stoic-curie.212-227-153-4.plesk.page\/de\/wp-json\/wp\/v2\/media\/5938814"}],"wp:attachment":[{"href":"https:\/\/stoic-curie.212-227-153-4.plesk.page\/de\/wp-json\/wp\/v2\/media?parent=3404510"}],"wp:term":[{"taxonomy":"product_brand","embeddable":true,"href":"https:\/\/stoic-curie.212-227-153-4.plesk.page\/de\/wp-json\/wp\/v2\/product_brand?post=3404510"},{"taxonomy":"product_cat","embeddable":true,"href":"https:\/\/stoic-curie.212-227-153-4.plesk.page\/de\/wp-json\/wp\/v2\/product_cat?post=3404510"},{"taxonomy":"product_tag","embeddable":true,"href":"https:\/\/stoic-curie.212-227-153-4.plesk.page\/de\/wp-json\/wp\/v2\/product_tag?post=3404510"}],"curies":[{"name":"wp","href":"https:\/\/api.w.org\/{rel}","templated":true}]}}