{"id":3404529,"date":"2025-10-09T22:40:26","date_gmt":"2025-10-10T02:40:26","guid":{"rendered":"https:\/\/stoic-curie.212-227-153-4.plesk.page\/product\/spring-hatch-adjuster-l350mm-heavy-duty-stainless-steel\/"},"modified":"2026-02-24T23:34:48","modified_gmt":"2026-02-24T23:34:48","slug":"spring-hatch-adjuster-l350mm-heavy-duty-stainless-steel","status":"publish","type":"product","link":"https:\/\/stoic-curie.212-227-153-4.plesk.page\/de\/product\/spring-hatch-adjuster-l350mm-heavy-duty-stainless-steel\/","title":{"rendered":"Spring Hatch Adjuster L350mm Heavy Duty Stainless Steel"},"content":{"rendered":"<p>Spring Hatch Adjuster L350mm Heavy Duty Stainless Steel &#8211; <\/p>\n<p>Extra starker Federst\u00fctzmechanismus f\u00fcr Klappen aus Edelstahl. Plattenma\u00dfe: 45 x 50 mm.<\/p>\n","protected":false},"excerpt":{"rendered":"<p>Spring Hatch Adjuster L350mm Heavy Duty Stainless Steel &#8211; Extra starker Federst\u00fctzmechanismus f\u00fcr Klappen aus Edelstahl. Plattenma\u00dfe: 45 x 50<\/p>\n","protected":false},"featured_media":5938841,"comment_status":"closed","ping_status":"closed","template":"","meta":[],"product_brand":[3120],"product_cat":[1401],"product_tag":[],"class_list":{"0":"post-3404529","1":"product","2":"type-product","3":"status-publish","4":"has-post-thumbnail","6":"product_brand-marinetech-de","7":"product_cat-gasdruckfedern-fuer-luken","9":"first","10":"instock","11":"shipping-taxable","12":"purchasable","13":"product-type-simple"},"_links":{"self":[{"href":"https:\/\/stoic-curie.212-227-153-4.plesk.page\/de\/wp-json\/wp\/v2\/product\/3404529","targetHints":{"allow":["GET"]}}],"collection":[{"href":"https:\/\/stoic-curie.212-227-153-4.plesk.page\/de\/wp-json\/wp\/v2\/product"}],"about":[{"href":"https:\/\/stoic-curie.212-227-153-4.plesk.page\/de\/wp-json\/wp\/v2\/types\/product"}],"replies":[{"embeddable":true,"href":"https:\/\/stoic-curie.212-227-153-4.plesk.page\/de\/wp-json\/wp\/v2\/comments?post=3404529"}],"version-history":[{"count":0,"href":"https:\/\/stoic-curie.212-227-153-4.plesk.page\/de\/wp-json\/wp\/v2\/product\/3404529\/revisions"}],"wp:featuredmedia":[{"embeddable":true,"href":"https:\/\/stoic-curie.212-227-153-4.plesk.page\/de\/wp-json\/wp\/v2\/media\/5938841"}],"wp:attachment":[{"href":"https:\/\/stoic-curie.212-227-153-4.plesk.page\/de\/wp-json\/wp\/v2\/media?parent=3404529"}],"wp:term":[{"taxonomy":"product_brand","embeddable":true,"href":"https:\/\/stoic-curie.212-227-153-4.plesk.page\/de\/wp-json\/wp\/v2\/product_brand?post=3404529"},{"taxonomy":"product_cat","embeddable":true,"href":"https:\/\/stoic-curie.212-227-153-4.plesk.page\/de\/wp-json\/wp\/v2\/product_cat?post=3404529"},{"taxonomy":"product_tag","embeddable":true,"href":"https:\/\/stoic-curie.212-227-153-4.plesk.page\/de\/wp-json\/wp\/v2\/product_tag?post=3404529"}],"curies":[{"name":"wp","href":"https:\/\/api.w.org\/{rel}","templated":true}]}}