{"id":3404591,"date":"2025-10-09T22:40:28","date_gmt":"2025-10-10T02:40:28","guid":{"rendered":"https:\/\/stoic-curie.212-227-153-4.plesk.page\/product\/edelstahl-deckluefter-150-x-120\/"},"modified":"2026-02-24T23:34:48","modified_gmt":"2026-02-24T23:34:48","slug":"edelstahl-deckluefter-150-x-120","status":"publish","type":"product","link":"https:\/\/stoic-curie.212-227-153-4.plesk.page\/de\/product\/edelstahl-deckluefter-150-x-120\/","title":{"rendered":"Edelstahl-Deckl\u00fcfter 150 x 120"},"content":{"rendered":"<p>Edelstahl-Deckl\u00fcfter 150 x 120 &#8211; <\/p>\n<p>Spiegelpolierter Edelstahl-Kaminl\u00fcfter mit gro\u00dfem Lufteinlass und Anschluss f\u00fcr einen \u00c3\u00b8 75 mm Luftschlauch.<\/p>\n<p>H\u00f6he auf dem Deck: 55 mm.<\/p>\n","protected":false},"excerpt":{"rendered":"<p>Edelstahl-Deckl\u00fcfter 150 x 120 &#8211; Spiegelpolierter Edelstahl-Kaminl\u00fcfter mit gro\u00dfem Lufteinlass und Anschluss f\u00fcr einen \u00c3\u00b8 75 mm Luftschlauch. H\u00f6he auf<\/p>\n","protected":false},"featured_media":5938858,"comment_status":"closed","ping_status":"closed","template":"","meta":[],"product_brand":[3235],"product_cat":[1412],"product_tag":[],"class_list":{"0":"post-3404591","1":"product","2":"type-product","3":"status-publish","4":"has-post-thumbnail","6":"product_brand-osculati-de","7":"product_cat-bootdeckbelueftungen","9":"first","10":"instock","11":"shipping-taxable","12":"purchasable","13":"product-type-simple"},"_links":{"self":[{"href":"https:\/\/stoic-curie.212-227-153-4.plesk.page\/de\/wp-json\/wp\/v2\/product\/3404591","targetHints":{"allow":["GET"]}}],"collection":[{"href":"https:\/\/stoic-curie.212-227-153-4.plesk.page\/de\/wp-json\/wp\/v2\/product"}],"about":[{"href":"https:\/\/stoic-curie.212-227-153-4.plesk.page\/de\/wp-json\/wp\/v2\/types\/product"}],"replies":[{"embeddable":true,"href":"https:\/\/stoic-curie.212-227-153-4.plesk.page\/de\/wp-json\/wp\/v2\/comments?post=3404591"}],"version-history":[{"count":0,"href":"https:\/\/stoic-curie.212-227-153-4.plesk.page\/de\/wp-json\/wp\/v2\/product\/3404591\/revisions"}],"wp:featuredmedia":[{"embeddable":true,"href":"https:\/\/stoic-curie.212-227-153-4.plesk.page\/de\/wp-json\/wp\/v2\/media\/5938858"}],"wp:attachment":[{"href":"https:\/\/stoic-curie.212-227-153-4.plesk.page\/de\/wp-json\/wp\/v2\/media?parent=3404591"}],"wp:term":[{"taxonomy":"product_brand","embeddable":true,"href":"https:\/\/stoic-curie.212-227-153-4.plesk.page\/de\/wp-json\/wp\/v2\/product_brand?post=3404591"},{"taxonomy":"product_cat","embeddable":true,"href":"https:\/\/stoic-curie.212-227-153-4.plesk.page\/de\/wp-json\/wp\/v2\/product_cat?post=3404591"},{"taxonomy":"product_tag","embeddable":true,"href":"https:\/\/stoic-curie.212-227-153-4.plesk.page\/de\/wp-json\/wp\/v2\/product_tag?post=3404591"}],"curies":[{"name":"wp","href":"https:\/\/api.w.org\/{rel}","templated":true}]}}