{"id":3404690,"date":"2025-10-09T22:40:32","date_gmt":"2025-10-10T02:40:32","guid":{"rendered":"https:\/\/stoic-curie.212-227-153-4.plesk.page\/product\/gerader-belueftungsschluss-fuer-tanks-16mm-schlauch-h76mm\/"},"modified":"2026-02-24T23:34:48","modified_gmt":"2026-02-24T23:34:48","slug":"gerader-belueftungsschluss-fuer-tanks-16mm-schlauch-h76mm","status":"publish","type":"product","link":"https:\/\/stoic-curie.212-227-153-4.plesk.page\/de\/product\/gerader-belueftungsschluss-fuer-tanks-16mm-schlauch-h76mm\/","title":{"rendered":"Gerader Bel\u00fcftungsschluss f\u00fcr Tanks 16mm Schlauch H76mm"},"content":{"rendered":"<p>Gerader Bel\u00fcftungsschluss f\u00fcr Tanks 16mm Schlauch H76mm &#8211; <\/p>\n<p>Edelstahl-Durchbruchsventil f\u00fcr Tanks. Edelstahl-Maschendrahtfilter.<\/p>\n","protected":false},"excerpt":{"rendered":"<p>Gerader Bel\u00fcftungsschluss f\u00fcr Tanks 16mm Schlauch H76mm &#8211; Edelstahl-Durchbruchsventil f\u00fcr Tanks. Edelstahl-Maschendrahtfilter.<\/p>\n","protected":false},"featured_media":5938872,"comment_status":"closed","ping_status":"closed","template":"","meta":[],"product_brand":[3355],"product_cat":[1412,1513],"product_tag":[],"class_list":{"0":"post-3404690","1":"product","2":"type-product","3":"status-publish","4":"has-post-thumbnail","6":"product_brand-seaflow-de","7":"product_cat-bootdeckbelueftungen","8":"product_cat-kraftstofftanks","10":"first","11":"instock","12":"shipping-taxable","13":"purchasable","14":"product-type-simple"},"_links":{"self":[{"href":"https:\/\/stoic-curie.212-227-153-4.plesk.page\/de\/wp-json\/wp\/v2\/product\/3404690","targetHints":{"allow":["GET"]}}],"collection":[{"href":"https:\/\/stoic-curie.212-227-153-4.plesk.page\/de\/wp-json\/wp\/v2\/product"}],"about":[{"href":"https:\/\/stoic-curie.212-227-153-4.plesk.page\/de\/wp-json\/wp\/v2\/types\/product"}],"replies":[{"embeddable":true,"href":"https:\/\/stoic-curie.212-227-153-4.plesk.page\/de\/wp-json\/wp\/v2\/comments?post=3404690"}],"version-history":[{"count":0,"href":"https:\/\/stoic-curie.212-227-153-4.plesk.page\/de\/wp-json\/wp\/v2\/product\/3404690\/revisions"}],"wp:featuredmedia":[{"embeddable":true,"href":"https:\/\/stoic-curie.212-227-153-4.plesk.page\/de\/wp-json\/wp\/v2\/media\/5938872"}],"wp:attachment":[{"href":"https:\/\/stoic-curie.212-227-153-4.plesk.page\/de\/wp-json\/wp\/v2\/media?parent=3404690"}],"wp:term":[{"taxonomy":"product_brand","embeddable":true,"href":"https:\/\/stoic-curie.212-227-153-4.plesk.page\/de\/wp-json\/wp\/v2\/product_brand?post=3404690"},{"taxonomy":"product_cat","embeddable":true,"href":"https:\/\/stoic-curie.212-227-153-4.plesk.page\/de\/wp-json\/wp\/v2\/product_cat?post=3404690"},{"taxonomy":"product_tag","embeddable":true,"href":"https:\/\/stoic-curie.212-227-153-4.plesk.page\/de\/wp-json\/wp\/v2\/product_tag?post=3404690"}],"curies":[{"name":"wp","href":"https:\/\/api.w.org\/{rel}","templated":true}]}}