{"id":3404698,"date":"2025-10-09T22:40:32","date_gmt":"2025-10-10T02:40:32","guid":{"rendered":"https:\/\/stoic-curie.212-227-153-4.plesk.page\/product\/gerader-belueftungsschluss-fuer-tanks-16mm-schlauch-verstellbar-von-15-bis-25mm\/"},"modified":"2026-02-24T23:34:48","modified_gmt":"2026-02-24T23:34:48","slug":"gerader-belueftungsschluss-fuer-tanks-16mm-schlauch-verstellbar-von-15-bis-25mm","status":"publish","type":"product","link":"https:\/\/stoic-curie.212-227-153-4.plesk.page\/de\/product\/gerader-belueftungsschluss-fuer-tanks-16mm-schlauch-verstellbar-von-15-bis-25mm\/","title":{"rendered":"Gerader Bel\u00fcftungsschluss f\u00fcr Tanks 16mm Schlauch (verstellbar von 15 bis 25mm)"},"content":{"rendered":"<p>Gerader Bel\u00fcftungsschluss f\u00fcr Tanks 16mm Schlauch (verstellbar von 15 bis 25mm) &#8211; <\/p>\n<p>Versenkter Tankbel\u00fcftung aus Edelstahl.<\/p>\n","protected":false},"excerpt":{"rendered":"<p>Gerader Bel\u00fcftungsschluss f\u00fcr Tanks 16mm Schlauch (verstellbar von 15 bis 25mm) &#8211; Versenkter Tankbel\u00fcftung aus Edelstahl.<\/p>\n","protected":false},"featured_media":5938873,"comment_status":"closed","ping_status":"closed","template":"","meta":[],"product_brand":[3355],"product_cat":[1412,1513],"product_tag":[],"class_list":{"0":"post-3404698","1":"product","2":"type-product","3":"status-publish","4":"has-post-thumbnail","6":"product_brand-seaflow-de","7":"product_cat-bootdeckbelueftungen","8":"product_cat-kraftstofftanks","10":"first","11":"instock","12":"shipping-taxable","13":"purchasable","14":"product-type-simple"},"_links":{"self":[{"href":"https:\/\/stoic-curie.212-227-153-4.plesk.page\/de\/wp-json\/wp\/v2\/product\/3404698","targetHints":{"allow":["GET"]}}],"collection":[{"href":"https:\/\/stoic-curie.212-227-153-4.plesk.page\/de\/wp-json\/wp\/v2\/product"}],"about":[{"href":"https:\/\/stoic-curie.212-227-153-4.plesk.page\/de\/wp-json\/wp\/v2\/types\/product"}],"replies":[{"embeddable":true,"href":"https:\/\/stoic-curie.212-227-153-4.plesk.page\/de\/wp-json\/wp\/v2\/comments?post=3404698"}],"version-history":[{"count":0,"href":"https:\/\/stoic-curie.212-227-153-4.plesk.page\/de\/wp-json\/wp\/v2\/product\/3404698\/revisions"}],"wp:featuredmedia":[{"embeddable":true,"href":"https:\/\/stoic-curie.212-227-153-4.plesk.page\/de\/wp-json\/wp\/v2\/media\/5938873"}],"wp:attachment":[{"href":"https:\/\/stoic-curie.212-227-153-4.plesk.page\/de\/wp-json\/wp\/v2\/media?parent=3404698"}],"wp:term":[{"taxonomy":"product_brand","embeddable":true,"href":"https:\/\/stoic-curie.212-227-153-4.plesk.page\/de\/wp-json\/wp\/v2\/product_brand?post=3404698"},{"taxonomy":"product_cat","embeddable":true,"href":"https:\/\/stoic-curie.212-227-153-4.plesk.page\/de\/wp-json\/wp\/v2\/product_cat?post=3404698"},{"taxonomy":"product_tag","embeddable":true,"href":"https:\/\/stoic-curie.212-227-153-4.plesk.page\/de\/wp-json\/wp\/v2\/product_tag?post=3404698"}],"curies":[{"name":"wp","href":"https:\/\/api.w.org\/{rel}","templated":true}]}}