{"id":3404794,"date":"2025-10-09T22:40:36","date_gmt":"2025-10-10T02:40:36","guid":{"rendered":"https:\/\/stoic-curie.212-227-153-4.plesk.page\/product\/impeller-fuer-caterpillar-3208ta\/"},"modified":"2026-02-24T23:34:48","modified_gmt":"2026-02-24T23:34:48","slug":"impeller-fuer-caterpillar-3208ta","status":"publish","type":"product","link":"https:\/\/stoic-curie.212-227-153-4.plesk.page\/de\/product\/impeller-fuer-caterpillar-3208ta\/","title":{"rendered":"Impeller f\u00fcr Caterpillar 3208TA"},"content":{"rendered":"<p>Impeller f\u00fcr Caterpillar 3208TA &#8211; <\/p>\n<p>Ersatzimpeller f\u00fcr K\u00fchl- und Wassersystempumpen des Motors. Neopren: f\u00fcr S\u00fc\u00df- und Salzwasser Nitril: f\u00fcr Bilgen, \u00d6le und Derivate<\/p>\n","protected":false},"excerpt":{"rendered":"<p>Impeller f\u00fcr Caterpillar 3208TA &#8211; Ersatzimpeller f\u00fcr K\u00fchl- und Wassersystempumpen des Motors. Neopren: f\u00fcr S\u00fc\u00df- und Salzwasser Nitril: f\u00fcr Bilgen,<\/p>\n","protected":false},"featured_media":5938889,"comment_status":"closed","ping_status":"closed","template":"","meta":[],"product_brand":[3045],"product_cat":[3911],"product_tag":[],"class_list":{"0":"post-3404794","1":"product","2":"type-product","3":"status-publish","4":"has-post-thumbnail","6":"product_brand-johnson-marine-de","7":"product_cat-accessories","9":"first","10":"instock","11":"shipping-taxable","12":"purchasable","13":"product-type-simple"},"_links":{"self":[{"href":"https:\/\/stoic-curie.212-227-153-4.plesk.page\/de\/wp-json\/wp\/v2\/product\/3404794","targetHints":{"allow":["GET"]}}],"collection":[{"href":"https:\/\/stoic-curie.212-227-153-4.plesk.page\/de\/wp-json\/wp\/v2\/product"}],"about":[{"href":"https:\/\/stoic-curie.212-227-153-4.plesk.page\/de\/wp-json\/wp\/v2\/types\/product"}],"replies":[{"embeddable":true,"href":"https:\/\/stoic-curie.212-227-153-4.plesk.page\/de\/wp-json\/wp\/v2\/comments?post=3404794"}],"version-history":[{"count":0,"href":"https:\/\/stoic-curie.212-227-153-4.plesk.page\/de\/wp-json\/wp\/v2\/product\/3404794\/revisions"}],"wp:featuredmedia":[{"embeddable":true,"href":"https:\/\/stoic-curie.212-227-153-4.plesk.page\/de\/wp-json\/wp\/v2\/media\/5938889"}],"wp:attachment":[{"href":"https:\/\/stoic-curie.212-227-153-4.plesk.page\/de\/wp-json\/wp\/v2\/media?parent=3404794"}],"wp:term":[{"taxonomy":"product_brand","embeddable":true,"href":"https:\/\/stoic-curie.212-227-153-4.plesk.page\/de\/wp-json\/wp\/v2\/product_brand?post=3404794"},{"taxonomy":"product_cat","embeddable":true,"href":"https:\/\/stoic-curie.212-227-153-4.plesk.page\/de\/wp-json\/wp\/v2\/product_cat?post=3404794"},{"taxonomy":"product_tag","embeddable":true,"href":"https:\/\/stoic-curie.212-227-153-4.plesk.page\/de\/wp-json\/wp\/v2\/product_tag?post=3404794"}],"curies":[{"name":"wp","href":"https:\/\/api.w.org\/{rel}","templated":true}]}}