{"id":3404810,"date":"2025-10-09T22:40:36","date_gmt":"2025-10-10T02:40:36","guid":{"rendered":"https:\/\/stoic-curie.212-227-153-4.plesk.page\/product\/impeller-caterpillar-828mtca\/"},"modified":"2026-02-24T23:34:48","modified_gmt":"2026-02-24T23:34:48","slug":"impeller-caterpillar-828mtca","status":"publish","type":"product","link":"https:\/\/stoic-curie.212-227-153-4.plesk.page\/de\/product\/impeller-caterpillar-828mtca\/","title":{"rendered":"Impeller Caterpillar 828MTCA"},"content":{"rendered":"<p>Impeller Caterpillar 828MTCA &#8211; <\/p>\n<p>Ersatzl\u00e4ufer f\u00fcr K\u00fchl- und Wassersystempumpen des Motors. Neopren: F\u00fcr S\u00fc\u00df- und Salzwasser. Nitril: F\u00fcr Bilgen, \u00d6le und Derivate.<\/p>\n","protected":false},"excerpt":{"rendered":"<p>Impeller Caterpillar 828MTCA &#8211; Ersatzl\u00e4ufer f\u00fcr K\u00fchl- und Wassersystempumpen des Motors. Neopren: F\u00fcr S\u00fc\u00df- und Salzwasser. Nitril: F\u00fcr Bilgen, \u00d6le<\/p>\n","protected":false},"featured_media":5938891,"comment_status":"closed","ping_status":"closed","template":"","meta":[],"product_brand":[3045],"product_cat":[3911],"product_tag":[],"class_list":{"0":"post-3404810","1":"product","2":"type-product","3":"status-publish","4":"has-post-thumbnail","6":"product_brand-johnson-marine-de","7":"product_cat-accessories","9":"first","10":"instock","11":"shipping-taxable","12":"purchasable","13":"product-type-simple"},"_links":{"self":[{"href":"https:\/\/stoic-curie.212-227-153-4.plesk.page\/de\/wp-json\/wp\/v2\/product\/3404810","targetHints":{"allow":["GET"]}}],"collection":[{"href":"https:\/\/stoic-curie.212-227-153-4.plesk.page\/de\/wp-json\/wp\/v2\/product"}],"about":[{"href":"https:\/\/stoic-curie.212-227-153-4.plesk.page\/de\/wp-json\/wp\/v2\/types\/product"}],"replies":[{"embeddable":true,"href":"https:\/\/stoic-curie.212-227-153-4.plesk.page\/de\/wp-json\/wp\/v2\/comments?post=3404810"}],"version-history":[{"count":0,"href":"https:\/\/stoic-curie.212-227-153-4.plesk.page\/de\/wp-json\/wp\/v2\/product\/3404810\/revisions"}],"wp:featuredmedia":[{"embeddable":true,"href":"https:\/\/stoic-curie.212-227-153-4.plesk.page\/de\/wp-json\/wp\/v2\/media\/5938891"}],"wp:attachment":[{"href":"https:\/\/stoic-curie.212-227-153-4.plesk.page\/de\/wp-json\/wp\/v2\/media?parent=3404810"}],"wp:term":[{"taxonomy":"product_brand","embeddable":true,"href":"https:\/\/stoic-curie.212-227-153-4.plesk.page\/de\/wp-json\/wp\/v2\/product_brand?post=3404810"},{"taxonomy":"product_cat","embeddable":true,"href":"https:\/\/stoic-curie.212-227-153-4.plesk.page\/de\/wp-json\/wp\/v2\/product_cat?post=3404810"},{"taxonomy":"product_tag","embeddable":true,"href":"https:\/\/stoic-curie.212-227-153-4.plesk.page\/de\/wp-json\/wp\/v2\/product_tag?post=3404810"}],"curies":[{"name":"wp","href":"https:\/\/api.w.org\/{rel}","templated":true}]}}