{"id":3405180,"date":"2025-10-09T22:40:55","date_gmt":"2025-10-10T02:40:55","guid":{"rendered":"https:\/\/stoic-curie.212-227-153-4.plesk.page\/product\/manual-brasspumpe-fuer-oelwechsel-230-mm\/"},"modified":"2026-02-24T23:34:49","modified_gmt":"2026-02-24T23:34:49","slug":"manual-brasspumpe-fuer-oelwechsel-230-mm","status":"publish","type":"product","link":"https:\/\/stoic-curie.212-227-153-4.plesk.page\/de\/product\/manual-brasspumpe-fuer-oelwechsel-230-mm\/","title":{"rendered":"Manual-Brasspumpe f\u00fcr \u00d6lwechsel 230 mm"},"content":{"rendered":"<p>Manual-Brasspumpe f\u00fcr \u00d6lwechsel 230 mm &#8211; <\/p>\n<p>Manueller Motor\u00f6l-Brassumpumpen mit Gummischl\u00e4uchen und Anschl\u00fcssen.<\/p>\n","protected":false},"excerpt":{"rendered":"<p>Manual-Brasspumpe f\u00fcr \u00d6lwechsel 230 mm &#8211; Manueller Motor\u00f6l-Brassumpumpen mit Gummischl\u00e4uchen und Anschl\u00fcssen.<\/p>\n","protected":false},"featured_media":5939151,"comment_status":"closed","ping_status":"closed","template":"","meta":[],"product_brand":[3235],"product_cat":[1500],"product_tag":[],"class_list":{"0":"post-3405180","1":"product","2":"type-product","3":"status-publish","4":"has-post-thumbnail","6":"product_brand-osculati-de","7":"product_cat-pumpen-fuer-oel-und-kraftstoff","9":"first","10":"instock","11":"shipping-taxable","12":"purchasable","13":"product-type-simple"},"_links":{"self":[{"href":"https:\/\/stoic-curie.212-227-153-4.plesk.page\/de\/wp-json\/wp\/v2\/product\/3405180","targetHints":{"allow":["GET"]}}],"collection":[{"href":"https:\/\/stoic-curie.212-227-153-4.plesk.page\/de\/wp-json\/wp\/v2\/product"}],"about":[{"href":"https:\/\/stoic-curie.212-227-153-4.plesk.page\/de\/wp-json\/wp\/v2\/types\/product"}],"replies":[{"embeddable":true,"href":"https:\/\/stoic-curie.212-227-153-4.plesk.page\/de\/wp-json\/wp\/v2\/comments?post=3405180"}],"version-history":[{"count":0,"href":"https:\/\/stoic-curie.212-227-153-4.plesk.page\/de\/wp-json\/wp\/v2\/product\/3405180\/revisions"}],"wp:featuredmedia":[{"embeddable":true,"href":"https:\/\/stoic-curie.212-227-153-4.plesk.page\/de\/wp-json\/wp\/v2\/media\/5939151"}],"wp:attachment":[{"href":"https:\/\/stoic-curie.212-227-153-4.plesk.page\/de\/wp-json\/wp\/v2\/media?parent=3405180"}],"wp:term":[{"taxonomy":"product_brand","embeddable":true,"href":"https:\/\/stoic-curie.212-227-153-4.plesk.page\/de\/wp-json\/wp\/v2\/product_brand?post=3405180"},{"taxonomy":"product_cat","embeddable":true,"href":"https:\/\/stoic-curie.212-227-153-4.plesk.page\/de\/wp-json\/wp\/v2\/product_cat?post=3405180"},{"taxonomy":"product_tag","embeddable":true,"href":"https:\/\/stoic-curie.212-227-153-4.plesk.page\/de\/wp-json\/wp\/v2\/product_tag?post=3405180"}],"curies":[{"name":"wp","href":"https:\/\/api.w.org\/{rel}","templated":true}]}}