{"id":3405279,"date":"2025-10-09T22:40:59","date_gmt":"2025-10-10T02:40:59","guid":{"rendered":"https:\/\/stoic-curie.212-227-153-4.plesk.page\/product\/wischerblaetter-roca-w5-300mm\/"},"modified":"2026-02-24T23:34:49","modified_gmt":"2026-02-24T23:34:49","slug":"wischerblaetter-roca-w5-300mm","status":"publish","type":"product","link":"https:\/\/stoic-curie.212-227-153-4.plesk.page\/de\/product\/wischerblaetter-roca-w5-300mm\/","title":{"rendered":"Wischerbl\u00e4tter Roca W5 300mm"},"content":{"rendered":"<p>Wischerbl\u00e4tter Roca W5 300mm &#8211; <\/p>\n<p>Roca polierte Stahlwischer mit nat\u00fcrlichem Gummi-Einsatz. Ausgestattet mit 3 universellen Halterungen f\u00fcr sowohl gerade als auch J-Haken-Verbindungen.<\/p>\n","protected":false},"excerpt":{"rendered":"<p>Wischerbl\u00e4tter Roca W5 300mm &#8211; Roca polierte Stahlwischer mit nat\u00fcrlichem Gummi-Einsatz. Ausgestattet mit 3 universellen Halterungen f\u00fcr sowohl gerade als<\/p>\n","protected":false},"featured_media":5939188,"comment_status":"closed","ping_status":"closed","template":"","meta":[],"product_brand":[3315],"product_cat":[1448],"product_tag":[],"class_list":{"0":"post-3405279","1":"product","2":"type-product","3":"status-publish","4":"has-post-thumbnail","6":"product_brand-roca-marine-de","7":"product_cat-scheibenwischer","9":"first","10":"instock","11":"shipping-taxable","12":"purchasable","13":"product-type-simple"},"_links":{"self":[{"href":"https:\/\/stoic-curie.212-227-153-4.plesk.page\/de\/wp-json\/wp\/v2\/product\/3405279","targetHints":{"allow":["GET"]}}],"collection":[{"href":"https:\/\/stoic-curie.212-227-153-4.plesk.page\/de\/wp-json\/wp\/v2\/product"}],"about":[{"href":"https:\/\/stoic-curie.212-227-153-4.plesk.page\/de\/wp-json\/wp\/v2\/types\/product"}],"replies":[{"embeddable":true,"href":"https:\/\/stoic-curie.212-227-153-4.plesk.page\/de\/wp-json\/wp\/v2\/comments?post=3405279"}],"version-history":[{"count":0,"href":"https:\/\/stoic-curie.212-227-153-4.plesk.page\/de\/wp-json\/wp\/v2\/product\/3405279\/revisions"}],"wp:featuredmedia":[{"embeddable":true,"href":"https:\/\/stoic-curie.212-227-153-4.plesk.page\/de\/wp-json\/wp\/v2\/media\/5939188"}],"wp:attachment":[{"href":"https:\/\/stoic-curie.212-227-153-4.plesk.page\/de\/wp-json\/wp\/v2\/media?parent=3405279"}],"wp:term":[{"taxonomy":"product_brand","embeddable":true,"href":"https:\/\/stoic-curie.212-227-153-4.plesk.page\/de\/wp-json\/wp\/v2\/product_brand?post=3405279"},{"taxonomy":"product_cat","embeddable":true,"href":"https:\/\/stoic-curie.212-227-153-4.plesk.page\/de\/wp-json\/wp\/v2\/product_cat?post=3405279"},{"taxonomy":"product_tag","embeddable":true,"href":"https:\/\/stoic-curie.212-227-153-4.plesk.page\/de\/wp-json\/wp\/v2\/product_tag?post=3405279"}],"curies":[{"name":"wp","href":"https:\/\/api.w.org\/{rel}","templated":true}]}}