{"id":3405304,"date":"2025-10-09T22:41:00","date_gmt":"2025-10-10T02:41:00","guid":{"rendered":"https:\/\/stoic-curie.212-227-153-4.plesk.page\/product\/spruehkopf-fuer-roca-w38\/"},"modified":"2026-02-24T23:34:49","modified_gmt":"2026-02-24T23:34:49","slug":"spruehkopf-fuer-roca-w38","status":"publish","type":"product","link":"https:\/\/stoic-curie.212-227-153-4.plesk.page\/de\/product\/spruehkopf-fuer-roca-w38\/","title":{"rendered":"Spr\u00fchkopf f\u00fcr Roca W38"},"content":{"rendered":"<p>Spr\u00fchkopf f\u00fcr Roca W38 &#8211; <\/p>\n<p>Scheibenwischer-Spr\u00fchd\u00fcsen mit 4 mm Rohr-zu-Schlauch, komplett mit 110 cm Schlauch. M8 Durchgangs-Schraubendreher mit 4 mm Rohr-zu-Schlauch. 5 Meter EPDM Gummiwasserschlauch mit UV-Schutz, Durchmesser 4 mm, au\u00dfen 7 mm.<\/p>\n","protected":false},"excerpt":{"rendered":"<p>Spr\u00fchkopf f\u00fcr Roca W38 &#8211; Scheibenwischer-Spr\u00fchd\u00fcsen mit 4 mm Rohr-zu-Schlauch, komplett mit 110 cm Schlauch. M8 Durchgangs-Schraubendreher mit 4 mm<\/p>\n","protected":false},"featured_media":5939206,"comment_status":"closed","ping_status":"closed","template":"","meta":[],"product_brand":[3315],"product_cat":[1448],"product_tag":[],"class_list":{"0":"post-3405304","1":"product","2":"type-product","3":"status-publish","4":"has-post-thumbnail","6":"product_brand-roca-marine-de","7":"product_cat-scheibenwischer","9":"first","10":"instock","11":"shipping-taxable","12":"purchasable","13":"product-type-simple"},"_links":{"self":[{"href":"https:\/\/stoic-curie.212-227-153-4.plesk.page\/de\/wp-json\/wp\/v2\/product\/3405304","targetHints":{"allow":["GET"]}}],"collection":[{"href":"https:\/\/stoic-curie.212-227-153-4.plesk.page\/de\/wp-json\/wp\/v2\/product"}],"about":[{"href":"https:\/\/stoic-curie.212-227-153-4.plesk.page\/de\/wp-json\/wp\/v2\/types\/product"}],"replies":[{"embeddable":true,"href":"https:\/\/stoic-curie.212-227-153-4.plesk.page\/de\/wp-json\/wp\/v2\/comments?post=3405304"}],"version-history":[{"count":0,"href":"https:\/\/stoic-curie.212-227-153-4.plesk.page\/de\/wp-json\/wp\/v2\/product\/3405304\/revisions"}],"wp:featuredmedia":[{"embeddable":true,"href":"https:\/\/stoic-curie.212-227-153-4.plesk.page\/de\/wp-json\/wp\/v2\/media\/5939206"}],"wp:attachment":[{"href":"https:\/\/stoic-curie.212-227-153-4.plesk.page\/de\/wp-json\/wp\/v2\/media?parent=3405304"}],"wp:term":[{"taxonomy":"product_brand","embeddable":true,"href":"https:\/\/stoic-curie.212-227-153-4.plesk.page\/de\/wp-json\/wp\/v2\/product_brand?post=3405304"},{"taxonomy":"product_cat","embeddable":true,"href":"https:\/\/stoic-curie.212-227-153-4.plesk.page\/de\/wp-json\/wp\/v2\/product_cat?post=3405304"},{"taxonomy":"product_tag","embeddable":true,"href":"https:\/\/stoic-curie.212-227-153-4.plesk.page\/de\/wp-json\/wp\/v2\/product_tag?post=3405304"}],"curies":[{"name":"wp","href":"https:\/\/api.w.org\/{rel}","templated":true}]}}