{"id":3405641,"date":"2025-10-09T22:41:12","date_gmt":"2025-10-10T02:41:12","guid":{"rendered":"https:\/\/stoic-curie.212-227-153-4.plesk.page\/product\/grauer-notausschalter\/"},"modified":"2026-02-24T23:34:49","modified_gmt":"2026-02-24T23:34:49","slug":"grauer-notausschalter","status":"publish","type":"product","link":"https:\/\/stoic-curie.212-227-153-4.plesk.page\/de\/product\/grauer-notausschalter\/","title":{"rendered":"Grauer Notausschalter"},"content":{"rendered":"<p>Grauer Notausschalter &#8211; <\/p>\n<p>Universeller Sicherheitsschalter mit Kappe und Schnellzugleine, der die Z\u00fcndung unterbricht und den Au\u00dfenbordmotor im Falle eines Mann-\u00fcber-Bord-Ereignisses stoppt. 4-polige Buchsenverbindung. C-Pole-verdrahtung: Schaltkreisunterbrechung f\u00fcr neue Motorengenerationen. M-Pole-verdrahtung: Erdungsunterbrechung f\u00fcr \u00e4ltere Motorengenerationen.<\/p>\n","protected":false},"excerpt":{"rendered":"<p>Grauer Notausschalter &#8211; Universeller Sicherheitsschalter mit Kappe und Schnellzugleine, der die Z\u00fcndung unterbricht und den Au\u00dfenbordmotor im Falle eines Mann-\u00fcber-Bord-Ereignisses<\/p>\n","protected":false},"featured_media":5939272,"comment_status":"closed","ping_status":"closed","template":"","meta":[],"product_brand":[3235],"product_cat":[1540],"product_tag":[],"class_list":{"0":"post-3405641","1":"product","2":"type-product","3":"status-publish","4":"has-post-thumbnail","6":"product_brand-osculati-de","7":"product_cat-zubehoer-fuer-aussenborder","9":"first","10":"instock","11":"shipping-taxable","12":"purchasable","13":"product-type-simple"},"_links":{"self":[{"href":"https:\/\/stoic-curie.212-227-153-4.plesk.page\/de\/wp-json\/wp\/v2\/product\/3405641","targetHints":{"allow":["GET"]}}],"collection":[{"href":"https:\/\/stoic-curie.212-227-153-4.plesk.page\/de\/wp-json\/wp\/v2\/product"}],"about":[{"href":"https:\/\/stoic-curie.212-227-153-4.plesk.page\/de\/wp-json\/wp\/v2\/types\/product"}],"replies":[{"embeddable":true,"href":"https:\/\/stoic-curie.212-227-153-4.plesk.page\/de\/wp-json\/wp\/v2\/comments?post=3405641"}],"version-history":[{"count":0,"href":"https:\/\/stoic-curie.212-227-153-4.plesk.page\/de\/wp-json\/wp\/v2\/product\/3405641\/revisions"}],"wp:featuredmedia":[{"embeddable":true,"href":"https:\/\/stoic-curie.212-227-153-4.plesk.page\/de\/wp-json\/wp\/v2\/media\/5939272"}],"wp:attachment":[{"href":"https:\/\/stoic-curie.212-227-153-4.plesk.page\/de\/wp-json\/wp\/v2\/media?parent=3405641"}],"wp:term":[{"taxonomy":"product_brand","embeddable":true,"href":"https:\/\/stoic-curie.212-227-153-4.plesk.page\/de\/wp-json\/wp\/v2\/product_brand?post=3405641"},{"taxonomy":"product_cat","embeddable":true,"href":"https:\/\/stoic-curie.212-227-153-4.plesk.page\/de\/wp-json\/wp\/v2\/product_cat?post=3405641"},{"taxonomy":"product_tag","embeddable":true,"href":"https:\/\/stoic-curie.212-227-153-4.plesk.page\/de\/wp-json\/wp\/v2\/product_tag?post=3405641"}],"curies":[{"name":"wp","href":"https:\/\/api.w.org\/{rel}","templated":true}]}}