{"id":3405780,"date":"2025-10-09T22:41:18","date_gmt":"2025-10-10T02:41:18","guid":{"rendered":"https:\/\/stoic-curie.212-227-153-4.plesk.page\/product\/mini-batterieschalter-mtm-bis-300-ampere-70-x-70-x-hoehe-85-mm\/"},"modified":"2026-02-24T23:34:50","modified_gmt":"2026-02-24T23:34:50","slug":"mini-batterieschalter-mtm-bis-300-ampere-70-x-70-x-hoehe-85-mm","status":"publish","type":"product","link":"https:\/\/stoic-curie.212-227-153-4.plesk.page\/de\/product\/mini-batterieschalter-mtm-bis-300-ampere-70-x-70-x-hoehe-85-mm\/","title":{"rendered":"Mini-Batterieschalter MTM bis 300 Ampere, 70 x 70 x H\u00f6he 85 mm"},"content":{"rendered":"<p>Mini-Batterieschalter MTM bis 300 Ampere, 70 x 70 x H\u00f6he 85 mm &#8211; <\/p>\n<p>Kompetenter Batterie-Wahlschalter mit vier Positionen. Er erm\u00f6glicht es, die Batterie zu isolieren, eine von zwei Batterien auszuw\u00e4hlen oder beide gleichzeitig zu verwenden. Oberfl\u00e4chen- oder Einbau montierbar.<\/p>\n","protected":false},"excerpt":{"rendered":"<p>Mini-Batterieschalter MTM bis 300 Ampere, 70 x 70 x H\u00f6he 85 mm &#8211; Kompetenter Batterie-Wahlschalter mit vier Positionen. Er erm\u00f6glicht<\/p>\n","protected":false},"featured_media":5939302,"comment_status":"closed","ping_status":"closed","template":"","meta":[],"product_brand":[2830],"product_cat":[1458],"product_tag":[],"class_list":{"0":"post-3405780","1":"product","2":"type-product","3":"status-publish","4":"has-post-thumbnail","6":"product_brand-blue-sea-systems-de","7":"product_cat-batterieschalter","9":"first","10":"instock","11":"shipping-taxable","12":"purchasable","13":"product-type-simple"},"_links":{"self":[{"href":"https:\/\/stoic-curie.212-227-153-4.plesk.page\/de\/wp-json\/wp\/v2\/product\/3405780","targetHints":{"allow":["GET"]}}],"collection":[{"href":"https:\/\/stoic-curie.212-227-153-4.plesk.page\/de\/wp-json\/wp\/v2\/product"}],"about":[{"href":"https:\/\/stoic-curie.212-227-153-4.plesk.page\/de\/wp-json\/wp\/v2\/types\/product"}],"replies":[{"embeddable":true,"href":"https:\/\/stoic-curie.212-227-153-4.plesk.page\/de\/wp-json\/wp\/v2\/comments?post=3405780"}],"version-history":[{"count":0,"href":"https:\/\/stoic-curie.212-227-153-4.plesk.page\/de\/wp-json\/wp\/v2\/product\/3405780\/revisions"}],"wp:featuredmedia":[{"embeddable":true,"href":"https:\/\/stoic-curie.212-227-153-4.plesk.page\/de\/wp-json\/wp\/v2\/media\/5939302"}],"wp:attachment":[{"href":"https:\/\/stoic-curie.212-227-153-4.plesk.page\/de\/wp-json\/wp\/v2\/media?parent=3405780"}],"wp:term":[{"taxonomy":"product_brand","embeddable":true,"href":"https:\/\/stoic-curie.212-227-153-4.plesk.page\/de\/wp-json\/wp\/v2\/product_brand?post=3405780"},{"taxonomy":"product_cat","embeddable":true,"href":"https:\/\/stoic-curie.212-227-153-4.plesk.page\/de\/wp-json\/wp\/v2\/product_cat?post=3405780"},{"taxonomy":"product_tag","embeddable":true,"href":"https:\/\/stoic-curie.212-227-153-4.plesk.page\/de\/wp-json\/wp\/v2\/product_tag?post=3405780"}],"curies":[{"name":"wp","href":"https:\/\/api.w.org\/{rel}","templated":true}]}}