{"id":3405794,"date":"2025-10-09T22:41:18","date_gmt":"2025-10-10T02:41:18","guid":{"rendered":"https:\/\/stoic-curie.212-227-153-4.plesk.page\/product\/vierpositionen-batterieschalter-280a\/"},"modified":"2026-02-24T23:34:50","modified_gmt":"2026-02-24T23:34:50","slug":"vierpositionen-batterieschalter-280a","status":"publish","type":"product","link":"https:\/\/stoic-curie.212-227-153-4.plesk.page\/de\/product\/vierpositionen-batterieschalter-280a\/","title":{"rendered":"Vierpositionen-Batterieschalter 280A"},"content":{"rendered":"<p>Vierpositionen-Batterieschalter 280A &#8211; <\/p>\n<p>Vierstufiger Dauerlast-Batteriewahlschalter. Erm\u00f6glicht es, die Batterie zu isolieren, eine von zwei Batterien auszuw\u00e4hlen oder beide gleichzeitig auszuw\u00e4hlen.<\/p>\n","protected":false},"excerpt":{"rendered":"<p>Vierpositionen-Batterieschalter 280A &#8211; Vierstufiger Dauerlast-Batteriewahlschalter. Erm\u00f6glicht es, die Batterie zu isolieren, eine von zwei Batterien auszuw\u00e4hlen oder beide gleichzeitig auszuw\u00e4hlen.<\/p>\n","protected":false},"featured_media":5939303,"comment_status":"closed","ping_status":"closed","template":"","meta":[],"product_brand":[2830],"product_cat":[1458],"product_tag":[],"class_list":{"0":"post-3405794","1":"product","2":"type-product","3":"status-publish","4":"has-post-thumbnail","6":"product_brand-blue-sea-systems-de","7":"product_cat-batterieschalter","9":"first","10":"instock","11":"shipping-taxable","12":"purchasable","13":"product-type-simple"},"_links":{"self":[{"href":"https:\/\/stoic-curie.212-227-153-4.plesk.page\/de\/wp-json\/wp\/v2\/product\/3405794","targetHints":{"allow":["GET"]}}],"collection":[{"href":"https:\/\/stoic-curie.212-227-153-4.plesk.page\/de\/wp-json\/wp\/v2\/product"}],"about":[{"href":"https:\/\/stoic-curie.212-227-153-4.plesk.page\/de\/wp-json\/wp\/v2\/types\/product"}],"replies":[{"embeddable":true,"href":"https:\/\/stoic-curie.212-227-153-4.plesk.page\/de\/wp-json\/wp\/v2\/comments?post=3405794"}],"version-history":[{"count":0,"href":"https:\/\/stoic-curie.212-227-153-4.plesk.page\/de\/wp-json\/wp\/v2\/product\/3405794\/revisions"}],"wp:featuredmedia":[{"embeddable":true,"href":"https:\/\/stoic-curie.212-227-153-4.plesk.page\/de\/wp-json\/wp\/v2\/media\/5939303"}],"wp:attachment":[{"href":"https:\/\/stoic-curie.212-227-153-4.plesk.page\/de\/wp-json\/wp\/v2\/media?parent=3405794"}],"wp:term":[{"taxonomy":"product_brand","embeddable":true,"href":"https:\/\/stoic-curie.212-227-153-4.plesk.page\/de\/wp-json\/wp\/v2\/product_brand?post=3405794"},{"taxonomy":"product_cat","embeddable":true,"href":"https:\/\/stoic-curie.212-227-153-4.plesk.page\/de\/wp-json\/wp\/v2\/product_cat?post=3405794"},{"taxonomy":"product_tag","embeddable":true,"href":"https:\/\/stoic-curie.212-227-153-4.plesk.page\/de\/wp-json\/wp\/v2\/product_tag?post=3405794"}],"curies":[{"name":"wp","href":"https:\/\/api.w.org\/{rel}","templated":true}]}}