{"id":3405801,"date":"2025-10-09T22:41:18","date_gmt":"2025-10-10T02:41:18","guid":{"rendered":"https:\/\/stoic-curie.212-227-153-4.plesk.page\/product\/batterieschalter-in-eingelassener-wasserdichter-box-200a\/"},"modified":"2026-02-24T23:34:50","modified_gmt":"2026-02-24T23:34:50","slug":"batterieschalter-in-eingelassener-wasserdichter-box-200a","status":"publish","type":"product","link":"https:\/\/stoic-curie.212-227-153-4.plesk.page\/de\/product\/batterieschalter-in-eingelassener-wasserdichter-box-200a\/","title":{"rendered":"Batterieschalter in eingelassener wasserdichter Box 200A"},"content":{"rendered":"<p>Batterieschalter in eingelassener wasserdichter Box 200A &#8211; <\/p>\n<p>Boxed-Batterieschalter mit abnehmbarem Schl\u00fcssel. Robustes ABS-UV-best\u00e4ndiges Geh\u00e4use. Abmessungen 96 x 96 x H113 mm.<\/p>\n","protected":false},"excerpt":{"rendered":"<p>Batterieschalter in eingelassener wasserdichter Box 200A &#8211; Boxed-Batterieschalter mit abnehmbarem Schl\u00fcssel. Robustes ABS-UV-best\u00e4ndiges Geh\u00e4use. Abmessungen 96 x 96 x H113<\/p>\n","protected":false},"featured_media":5939304,"comment_status":"closed","ping_status":"closed","template":"","meta":[],"product_brand":[2860],"product_cat":[1458],"product_tag":[],"class_list":{"0":"post-3405801","1":"product","2":"type-product","3":"status-publish","4":"has-post-thumbnail","6":"product_brand-ceredi-de","7":"product_cat-batterieschalter","9":"first","10":"outofstock","11":"shipping-taxable","12":"purchasable","13":"product-type-simple"},"_links":{"self":[{"href":"https:\/\/stoic-curie.212-227-153-4.plesk.page\/de\/wp-json\/wp\/v2\/product\/3405801","targetHints":{"allow":["GET"]}}],"collection":[{"href":"https:\/\/stoic-curie.212-227-153-4.plesk.page\/de\/wp-json\/wp\/v2\/product"}],"about":[{"href":"https:\/\/stoic-curie.212-227-153-4.plesk.page\/de\/wp-json\/wp\/v2\/types\/product"}],"replies":[{"embeddable":true,"href":"https:\/\/stoic-curie.212-227-153-4.plesk.page\/de\/wp-json\/wp\/v2\/comments?post=3405801"}],"version-history":[{"count":0,"href":"https:\/\/stoic-curie.212-227-153-4.plesk.page\/de\/wp-json\/wp\/v2\/product\/3405801\/revisions"}],"wp:featuredmedia":[{"embeddable":true,"href":"https:\/\/stoic-curie.212-227-153-4.plesk.page\/de\/wp-json\/wp\/v2\/media\/5939304"}],"wp:attachment":[{"href":"https:\/\/stoic-curie.212-227-153-4.plesk.page\/de\/wp-json\/wp\/v2\/media?parent=3405801"}],"wp:term":[{"taxonomy":"product_brand","embeddable":true,"href":"https:\/\/stoic-curie.212-227-153-4.plesk.page\/de\/wp-json\/wp\/v2\/product_brand?post=3405801"},{"taxonomy":"product_cat","embeddable":true,"href":"https:\/\/stoic-curie.212-227-153-4.plesk.page\/de\/wp-json\/wp\/v2\/product_cat?post=3405801"},{"taxonomy":"product_tag","embeddable":true,"href":"https:\/\/stoic-curie.212-227-153-4.plesk.page\/de\/wp-json\/wp\/v2\/product_tag?post=3405801"}],"curies":[{"name":"wp","href":"https:\/\/api.w.org\/{rel}","templated":true}]}}