{"id":3405980,"date":"2025-10-09T22:41:25","date_gmt":"2025-10-10T02:41:25","guid":{"rendered":"https:\/\/stoic-curie.212-227-153-4.plesk.page\/product\/schnelle-wasserdichte-durch-deck-dichtungen-fuer-elektrokabel-14-16-x-48-mm\/"},"modified":"2026-02-24T23:34:50","modified_gmt":"2026-02-24T23:34:50","slug":"schnelle-wasserdichte-durch-deck-dichtungen-fuer-elektrokabel-14-16-x-48-mm","status":"publish","type":"product","link":"https:\/\/stoic-curie.212-227-153-4.plesk.page\/de\/product\/schnelle-wasserdichte-durch-deck-dichtungen-fuer-elektrokabel-14-16-x-48-mm\/","title":{"rendered":"Schnelle wasserdichte Durch-Deck-Dichtungen f\u00fcr Elektrokabel 14-16 x 48 mm"},"content":{"rendered":"<p>Schnelle wasserdichte Durch-Deck-Dichtungen f\u00fcr Elektrokabel 14-16 x 48 mm &#8211; <\/p>\n<p>Polycarbonatk\u00f6rper, wasserdicht mit Durchgangsdeck. Gummikabelausl\u00e4sse erm\u00f6glichen das Verlegen von Dr\u00e4hten und Kabeln durch Schottw\u00e4nde und Decks.<\/p>\n","protected":false},"excerpt":{"rendered":"<p>Schnelle wasserdichte Durch-Deck-Dichtungen f\u00fcr Elektrokabel 14-16 x 48 mm &#8211; Polycarbonatk\u00f6rper, wasserdicht mit Durchgangsdeck. Gummikabelausl\u00e4sse erm\u00f6glichen das Verlegen von Dr\u00e4hten<\/p>\n","protected":false},"featured_media":5939330,"comment_status":"closed","ping_status":"closed","template":"","meta":[],"product_brand":[3280],"product_cat":[1453],"product_tag":[],"class_list":{"0":"post-3405980","1":"product","2":"type-product","3":"status-publish","4":"has-post-thumbnail","6":"product_brand-quick-de","7":"product_cat-elektrozubehoer","9":"first","10":"instock","11":"shipping-taxable","12":"purchasable","13":"product-type-simple"},"_links":{"self":[{"href":"https:\/\/stoic-curie.212-227-153-4.plesk.page\/de\/wp-json\/wp\/v2\/product\/3405980","targetHints":{"allow":["GET"]}}],"collection":[{"href":"https:\/\/stoic-curie.212-227-153-4.plesk.page\/de\/wp-json\/wp\/v2\/product"}],"about":[{"href":"https:\/\/stoic-curie.212-227-153-4.plesk.page\/de\/wp-json\/wp\/v2\/types\/product"}],"replies":[{"embeddable":true,"href":"https:\/\/stoic-curie.212-227-153-4.plesk.page\/de\/wp-json\/wp\/v2\/comments?post=3405980"}],"version-history":[{"count":0,"href":"https:\/\/stoic-curie.212-227-153-4.plesk.page\/de\/wp-json\/wp\/v2\/product\/3405980\/revisions"}],"wp:featuredmedia":[{"embeddable":true,"href":"https:\/\/stoic-curie.212-227-153-4.plesk.page\/de\/wp-json\/wp\/v2\/media\/5939330"}],"wp:attachment":[{"href":"https:\/\/stoic-curie.212-227-153-4.plesk.page\/de\/wp-json\/wp\/v2\/media?parent=3405980"}],"wp:term":[{"taxonomy":"product_brand","embeddable":true,"href":"https:\/\/stoic-curie.212-227-153-4.plesk.page\/de\/wp-json\/wp\/v2\/product_brand?post=3405980"},{"taxonomy":"product_cat","embeddable":true,"href":"https:\/\/stoic-curie.212-227-153-4.plesk.page\/de\/wp-json\/wp\/v2\/product_cat?post=3405980"},{"taxonomy":"product_tag","embeddable":true,"href":"https:\/\/stoic-curie.212-227-153-4.plesk.page\/de\/wp-json\/wp\/v2\/product_tag?post=3405980"}],"curies":[{"name":"wp","href":"https:\/\/api.w.org\/{rel}","templated":true}]}}