{"id":3405990,"date":"2025-10-09T22:41:26","date_gmt":"2025-10-10T02:41:26","guid":{"rendered":"https:\/\/stoic-curie.212-227-153-4.plesk.page\/product\/edelstahl-halterung-fuer-rohre-22-30-mm-fuer-mini-und-midi-navigationslichter\/"},"modified":"2026-02-24T23:34:50","modified_gmt":"2026-02-24T23:34:50","slug":"edelstahl-halterung-fuer-rohre-22-30-mm-fuer-mini-und-midi-navigationslichter","status":"publish","type":"product","link":"https:\/\/stoic-curie.212-227-153-4.plesk.page\/de\/product\/edelstahl-halterung-fuer-rohre-22-30-mm-fuer-mini-und-midi-navigationslichter\/","title":{"rendered":"Edelstahl-Halterung f\u00fcr Rohre 22-30 mm (f\u00fcr Mini- und Midi-Navigationslichter)"},"content":{"rendered":"<p>Edelstahl-Halterung f\u00fcr Rohre 22-30 mm (f\u00fcr Mini- und Midi-Navigationslichter) &#8211; <\/p>\n<p>Universelle Halterungen f\u00fcr Mini- und Midi-Navigationslichter.<\/p>\n","protected":false},"excerpt":{"rendered":"<p>Edelstahl-Halterung f\u00fcr Rohre 22-30 mm (f\u00fcr Mini- und Midi-Navigationslichter) &#8211; Universelle Halterungen f\u00fcr Mini- und Midi-Navigationslichter.<\/p>\n","protected":false},"featured_media":5939340,"comment_status":"closed","ping_status":"closed","template":"","meta":[],"product_brand":[3490],"product_cat":[1449,1454],"product_tag":[],"class_list":{"0":"post-3405990","1":"product","2":"type-product","3":"status-publish","4":"has-post-thumbnail","6":"product_brand-trem-de","7":"product_cat-led-navigationslichter","8":"product_cat-navigationlichter","10":"first","11":"instock","12":"shipping-taxable","13":"purchasable","14":"product-type-simple"},"_links":{"self":[{"href":"https:\/\/stoic-curie.212-227-153-4.plesk.page\/de\/wp-json\/wp\/v2\/product\/3405990","targetHints":{"allow":["GET"]}}],"collection":[{"href":"https:\/\/stoic-curie.212-227-153-4.plesk.page\/de\/wp-json\/wp\/v2\/product"}],"about":[{"href":"https:\/\/stoic-curie.212-227-153-4.plesk.page\/de\/wp-json\/wp\/v2\/types\/product"}],"replies":[{"embeddable":true,"href":"https:\/\/stoic-curie.212-227-153-4.plesk.page\/de\/wp-json\/wp\/v2\/comments?post=3405990"}],"version-history":[{"count":0,"href":"https:\/\/stoic-curie.212-227-153-4.plesk.page\/de\/wp-json\/wp\/v2\/product\/3405990\/revisions"}],"wp:featuredmedia":[{"embeddable":true,"href":"https:\/\/stoic-curie.212-227-153-4.plesk.page\/de\/wp-json\/wp\/v2\/media\/5939340"}],"wp:attachment":[{"href":"https:\/\/stoic-curie.212-227-153-4.plesk.page\/de\/wp-json\/wp\/v2\/media?parent=3405990"}],"wp:term":[{"taxonomy":"product_brand","embeddable":true,"href":"https:\/\/stoic-curie.212-227-153-4.plesk.page\/de\/wp-json\/wp\/v2\/product_brand?post=3405990"},{"taxonomy":"product_cat","embeddable":true,"href":"https:\/\/stoic-curie.212-227-153-4.plesk.page\/de\/wp-json\/wp\/v2\/product_cat?post=3405990"},{"taxonomy":"product_tag","embeddable":true,"href":"https:\/\/stoic-curie.212-227-153-4.plesk.page\/de\/wp-json\/wp\/v2\/product_tag?post=3405990"}],"curies":[{"name":"wp","href":"https:\/\/api.w.org\/{rel}","templated":true}]}}