{"id":3406094,"date":"2025-10-09T22:41:30","date_gmt":"2025-10-10T02:41:30","guid":{"rendered":"https:\/\/stoic-curie.212-227-153-4.plesk.page\/product\/led-navigationslicht-360-weiss-h115-mm\/"},"modified":"2026-02-24T23:34:50","modified_gmt":"2026-02-24T23:34:50","slug":"led-navigationslicht-360-weiss-h115-mm","status":"publish","type":"product","link":"https:\/\/stoic-curie.212-227-153-4.plesk.page\/de\/product\/led-navigationslicht-360-weiss-h115-mm\/","title":{"rendered":"LED-Navigationslicht 360\u00b0 Wei\u00df H115 mm"},"content":{"rendered":"<p>LED-Navigationslicht 360\u00b0 Wei\u00df H115 mm &#8211; <\/p>\n<p>Vielseitige wei\u00dfe LED-Ankerleuchte, CE-zertifiziert f\u00fcr Boote bis zu 12 Meter.<\/p>\n","protected":false},"excerpt":{"rendered":"<p>LED-Navigationslicht 360\u00b0 Wei\u00df H115 mm &#8211; Vielseitige wei\u00dfe LED-Ankerleuchte, CE-zertifiziert f\u00fcr Boote bis zu 12 Meter.<\/p>\n","protected":false},"featured_media":5939368,"comment_status":"closed","ping_status":"closed","template":"","meta":[],"product_brand":[3490],"product_cat":[1449],"product_tag":[],"class_list":{"0":"post-3406094","1":"product","2":"type-product","3":"status-publish","4":"has-post-thumbnail","6":"product_brand-trem-de","7":"product_cat-led-navigationslichter","9":"first","10":"instock","11":"shipping-taxable","12":"purchasable","13":"product-type-simple"},"_links":{"self":[{"href":"https:\/\/stoic-curie.212-227-153-4.plesk.page\/de\/wp-json\/wp\/v2\/product\/3406094","targetHints":{"allow":["GET"]}}],"collection":[{"href":"https:\/\/stoic-curie.212-227-153-4.plesk.page\/de\/wp-json\/wp\/v2\/product"}],"about":[{"href":"https:\/\/stoic-curie.212-227-153-4.plesk.page\/de\/wp-json\/wp\/v2\/types\/product"}],"replies":[{"embeddable":true,"href":"https:\/\/stoic-curie.212-227-153-4.plesk.page\/de\/wp-json\/wp\/v2\/comments?post=3406094"}],"version-history":[{"count":0,"href":"https:\/\/stoic-curie.212-227-153-4.plesk.page\/de\/wp-json\/wp\/v2\/product\/3406094\/revisions"}],"wp:featuredmedia":[{"embeddable":true,"href":"https:\/\/stoic-curie.212-227-153-4.plesk.page\/de\/wp-json\/wp\/v2\/media\/5939368"}],"wp:attachment":[{"href":"https:\/\/stoic-curie.212-227-153-4.plesk.page\/de\/wp-json\/wp\/v2\/media?parent=3406094"}],"wp:term":[{"taxonomy":"product_brand","embeddable":true,"href":"https:\/\/stoic-curie.212-227-153-4.plesk.page\/de\/wp-json\/wp\/v2\/product_brand?post=3406094"},{"taxonomy":"product_cat","embeddable":true,"href":"https:\/\/stoic-curie.212-227-153-4.plesk.page\/de\/wp-json\/wp\/v2\/product_cat?post=3406094"},{"taxonomy":"product_tag","embeddable":true,"href":"https:\/\/stoic-curie.212-227-153-4.plesk.page\/de\/wp-json\/wp\/v2\/product_tag?post=3406094"}],"curies":[{"name":"wp","href":"https:\/\/api.w.org\/{rel}","templated":true}]}}