{"id":3406110,"date":"2025-10-09T22:41:30","date_gmt":"2025-10-10T02:41:30","guid":{"rendered":"https:\/\/stoic-curie.212-227-153-4.plesk.page\/product\/masthead-360-licht-fuer-boote-bis-zu-12-metern\/"},"modified":"2026-02-24T23:34:50","modified_gmt":"2026-02-24T23:34:50","slug":"masthead-360-licht-fuer-boote-bis-zu-12-metern","status":"publish","type":"product","link":"https:\/\/stoic-curie.212-227-153-4.plesk.page\/de\/product\/masthead-360-licht-fuer-boote-bis-zu-12-metern\/","title":{"rendered":"Masthead 360\u00b0 Licht f\u00fcr Boote bis zu 12 Metern"},"content":{"rendered":"<p>Masthead 360\u00b0 Licht f\u00fcr Boote bis zu 12 Metern &#8211; <\/p>\n<p>CE-zertifiziertes Rundumlicht f\u00fcr Boote bis zu 12 Metern. Abmessungen: \u00d854 x H70 mm.<\/p>\n","protected":false},"excerpt":{"rendered":"<p>Masthead 360\u00b0 Licht f\u00fcr Boote bis zu 12 Metern &#8211; CE-zertifiziertes Rundumlicht f\u00fcr Boote bis zu 12 Metern. Abmessungen: \u00d854<\/p>\n","protected":false},"featured_media":5939372,"comment_status":"closed","ping_status":"closed","template":"","meta":[],"product_brand":[3490],"product_cat":[1454],"product_tag":[],"class_list":{"0":"post-3406110","1":"product","2":"type-product","3":"status-publish","4":"has-post-thumbnail","6":"product_brand-trem-de","7":"product_cat-navigationlichter","9":"first","10":"instock","11":"shipping-taxable","12":"purchasable","13":"product-type-simple"},"_links":{"self":[{"href":"https:\/\/stoic-curie.212-227-153-4.plesk.page\/de\/wp-json\/wp\/v2\/product\/3406110","targetHints":{"allow":["GET"]}}],"collection":[{"href":"https:\/\/stoic-curie.212-227-153-4.plesk.page\/de\/wp-json\/wp\/v2\/product"}],"about":[{"href":"https:\/\/stoic-curie.212-227-153-4.plesk.page\/de\/wp-json\/wp\/v2\/types\/product"}],"replies":[{"embeddable":true,"href":"https:\/\/stoic-curie.212-227-153-4.plesk.page\/de\/wp-json\/wp\/v2\/comments?post=3406110"}],"version-history":[{"count":0,"href":"https:\/\/stoic-curie.212-227-153-4.plesk.page\/de\/wp-json\/wp\/v2\/product\/3406110\/revisions"}],"wp:featuredmedia":[{"embeddable":true,"href":"https:\/\/stoic-curie.212-227-153-4.plesk.page\/de\/wp-json\/wp\/v2\/media\/5939372"}],"wp:attachment":[{"href":"https:\/\/stoic-curie.212-227-153-4.plesk.page\/de\/wp-json\/wp\/v2\/media?parent=3406110"}],"wp:term":[{"taxonomy":"product_brand","embeddable":true,"href":"https:\/\/stoic-curie.212-227-153-4.plesk.page\/de\/wp-json\/wp\/v2\/product_brand?post=3406110"},{"taxonomy":"product_cat","embeddable":true,"href":"https:\/\/stoic-curie.212-227-153-4.plesk.page\/de\/wp-json\/wp\/v2\/product_cat?post=3406110"},{"taxonomy":"product_tag","embeddable":true,"href":"https:\/\/stoic-curie.212-227-153-4.plesk.page\/de\/wp-json\/wp\/v2\/product_tag?post=3406110"}],"curies":[{"name":"wp","href":"https:\/\/api.w.org\/{rel}","templated":true}]}}