{"id":3406212,"date":"2025-10-09T22:41:34","date_gmt":"2025-10-10T02:41:34","guid":{"rendered":"https:\/\/stoic-curie.212-227-153-4.plesk.page\/product\/spotlight-t1-weiss-fuer-mast-110-mm-12v\/"},"modified":"2026-02-24T23:34:50","modified_gmt":"2026-02-24T23:34:50","slug":"spotlight-t1-weiss-fuer-mast-110-mm-12v","status":"publish","type":"product","link":"https:\/\/stoic-curie.212-227-153-4.plesk.page\/de\/product\/spotlight-t1-weiss-fuer-mast-110-mm-12v\/","title":{"rendered":"Spotlight T1 Wei\u00df f\u00fcr Mast 110 mm 12V"},"content":{"rendered":"<p>Spotlight T1 Wei\u00df f\u00fcr Mast 110 mm 12V &#8211; <\/p>\n<p>Fester Montagestrahler aus weichem PVC. Wasserdichte Gl\u00fchbirne \u00d8 110 mm.<\/p>\n","protected":false},"excerpt":{"rendered":"<p>Spotlight T1 Wei\u00df f\u00fcr Mast 110 mm 12V &#8211; Fester Montagestrahler aus weichem PVC. Wasserdichte Gl\u00fchbirne \u00d8 110 mm.<\/p>\n","protected":false},"featured_media":5939385,"comment_status":"closed","ping_status":"closed","template":"","meta":[],"product_brand":[3235],"product_cat":[1447],"product_tag":[],"class_list":{"0":"post-3406212","1":"product","2":"type-product","3":"status-publish","4":"has-post-thumbnail","6":"product_brand-osculati-de","7":"product_cat-suchscheinwerfer-und-spotlights","9":"first","10":"instock","11":"shipping-taxable","12":"purchasable","13":"product-type-simple"},"_links":{"self":[{"href":"https:\/\/stoic-curie.212-227-153-4.plesk.page\/de\/wp-json\/wp\/v2\/product\/3406212","targetHints":{"allow":["GET"]}}],"collection":[{"href":"https:\/\/stoic-curie.212-227-153-4.plesk.page\/de\/wp-json\/wp\/v2\/product"}],"about":[{"href":"https:\/\/stoic-curie.212-227-153-4.plesk.page\/de\/wp-json\/wp\/v2\/types\/product"}],"replies":[{"embeddable":true,"href":"https:\/\/stoic-curie.212-227-153-4.plesk.page\/de\/wp-json\/wp\/v2\/comments?post=3406212"}],"version-history":[{"count":0,"href":"https:\/\/stoic-curie.212-227-153-4.plesk.page\/de\/wp-json\/wp\/v2\/product\/3406212\/revisions"}],"wp:featuredmedia":[{"embeddable":true,"href":"https:\/\/stoic-curie.212-227-153-4.plesk.page\/de\/wp-json\/wp\/v2\/media\/5939385"}],"wp:attachment":[{"href":"https:\/\/stoic-curie.212-227-153-4.plesk.page\/de\/wp-json\/wp\/v2\/media?parent=3406212"}],"wp:term":[{"taxonomy":"product_brand","embeddable":true,"href":"https:\/\/stoic-curie.212-227-153-4.plesk.page\/de\/wp-json\/wp\/v2\/product_brand?post=3406212"},{"taxonomy":"product_cat","embeddable":true,"href":"https:\/\/stoic-curie.212-227-153-4.plesk.page\/de\/wp-json\/wp\/v2\/product_cat?post=3406212"},{"taxonomy":"product_tag","embeddable":true,"href":"https:\/\/stoic-curie.212-227-153-4.plesk.page\/de\/wp-json\/wp\/v2\/product_tag?post=3406212"}],"curies":[{"name":"wp","href":"https:\/\/api.w.org\/{rel}","templated":true}]}}