{"id":3406229,"date":"2025-10-09T22:41:35","date_gmt":"2025-10-10T02:41:35","guid":{"rendered":"https:\/\/stoic-curie.212-227-153-4.plesk.page\/product\/verchromte-leselampe-420-mm-weiss\/"},"modified":"2026-02-24T23:34:50","modified_gmt":"2026-02-24T23:34:50","slug":"verchromte-leselampe-420-mm-weiss","status":"publish","type":"product","link":"https:\/\/stoic-curie.212-227-153-4.plesk.page\/de\/product\/verchromte-leselampe-420-mm-weiss\/","title":{"rendered":"Verchromte Leselampe 420 mm wei\u00df"},"content":{"rendered":"<p>Verchromte Leselampe 420 mm wei\u00df &#8211; <\/p>\n<p>Verchromte Messingflexible-Hals 8 LED Chartlicht. Schwarzer Polymerbasis und -geh\u00e4use. Verbrauch 0,56 W. 6000 K\u00c2\u00b0 kaltes wei\u00dfes Licht.<\/p>\n","protected":false},"excerpt":{"rendered":"<p>Verchromte Leselampe 420 mm wei\u00df &#8211; Verchromte Messingflexible-Hals 8 LED Chartlicht. Schwarzer Polymerbasis und -geh\u00e4use. Verbrauch 0,56 W. 6000 K\u00c2\u00b0<\/p>\n","protected":false},"featured_media":5939394,"comment_status":"closed","ping_status":"closed","template":"","meta":[],"product_brand":[3220],"product_cat":[1452,1487],"product_tag":[],"class_list":{"0":"post-3406229","1":"product","2":"type-product","3":"status-publish","4":"has-post-thumbnail","6":"product_brand-oceanled-de","7":"product_cat-bootsbeleuchtung","8":"product_cat-navigationstafeln-und-instrumente","10":"first","11":"instock","12":"shipping-taxable","13":"purchasable","14":"product-type-simple"},"_links":{"self":[{"href":"https:\/\/stoic-curie.212-227-153-4.plesk.page\/de\/wp-json\/wp\/v2\/product\/3406229","targetHints":{"allow":["GET"]}}],"collection":[{"href":"https:\/\/stoic-curie.212-227-153-4.plesk.page\/de\/wp-json\/wp\/v2\/product"}],"about":[{"href":"https:\/\/stoic-curie.212-227-153-4.plesk.page\/de\/wp-json\/wp\/v2\/types\/product"}],"replies":[{"embeddable":true,"href":"https:\/\/stoic-curie.212-227-153-4.plesk.page\/de\/wp-json\/wp\/v2\/comments?post=3406229"}],"version-history":[{"count":0,"href":"https:\/\/stoic-curie.212-227-153-4.plesk.page\/de\/wp-json\/wp\/v2\/product\/3406229\/revisions"}],"wp:featuredmedia":[{"embeddable":true,"href":"https:\/\/stoic-curie.212-227-153-4.plesk.page\/de\/wp-json\/wp\/v2\/media\/5939394"}],"wp:attachment":[{"href":"https:\/\/stoic-curie.212-227-153-4.plesk.page\/de\/wp-json\/wp\/v2\/media?parent=3406229"}],"wp:term":[{"taxonomy":"product_brand","embeddable":true,"href":"https:\/\/stoic-curie.212-227-153-4.plesk.page\/de\/wp-json\/wp\/v2\/product_brand?post=3406229"},{"taxonomy":"product_cat","embeddable":true,"href":"https:\/\/stoic-curie.212-227-153-4.plesk.page\/de\/wp-json\/wp\/v2\/product_cat?post=3406229"},{"taxonomy":"product_tag","embeddable":true,"href":"https:\/\/stoic-curie.212-227-153-4.plesk.page\/de\/wp-json\/wp\/v2\/product_tag?post=3406229"}],"curies":[{"name":"wp","href":"https:\/\/api.w.org\/{rel}","templated":true}]}}