{"id":3406304,"date":"2025-10-09T22:41:38","date_gmt":"2025-10-10T02:41:38","guid":{"rendered":"https:\/\/stoic-curie.212-227-153-4.plesk.page\/product\/led-licht-edelstahl-flaechenbuendig-ip67-wasserdicht-12v-d71-mm\/"},"modified":"2026-02-24T23:34:50","modified_gmt":"2026-02-24T23:34:50","slug":"led-licht-edelstahl-flaechenbuendig-ip67-wasserdicht-12v-d71-mm","status":"publish","type":"product","link":"https:\/\/stoic-curie.212-227-153-4.plesk.page\/de\/product\/led-licht-edelstahl-flaechenbuendig-ip67-wasserdicht-12v-d71-mm\/","title":{"rendered":"LED-Licht Edelstahl fl\u00e4chenb\u00fcndig IP67 wasserdicht 12V D71 mm"},"content":{"rendered":"<p>LED-Licht Edelstahl fl\u00e4chenb\u00fcndig IP67 wasserdicht 12V D71 mm &#8211; <\/p>\n<p>Edelstahl Einbau-LED mit IP67 Wasserdichtigkeit. Geringer Verbrauch von 0,5 W. 5500 K\u00c2\u00b0 Tageslichtwei\u00dfes Licht.<\/p>\n","protected":false},"excerpt":{"rendered":"<p>LED-Licht Edelstahl fl\u00e4chenb\u00fcndig IP67 wasserdicht 12V D71 mm &#8211; Edelstahl Einbau-LED mit IP67 Wasserdichtigkeit. Geringer Verbrauch von 0,5 W. 5500<\/p>\n","protected":false},"featured_media":5939407,"comment_status":"closed","ping_status":"closed","template":"","meta":[],"product_brand":[3220],"product_cat":[1452,1443],"product_tag":[],"class_list":{"0":"post-3406304","1":"product","2":"type-product","3":"status-publish","4":"has-post-thumbnail","6":"product_brand-oceanled-de","7":"product_cat-bootsbeleuchtung","8":"product_cat-bootshinweislichter","10":"first","11":"instock","12":"shipping-taxable","13":"purchasable","14":"product-type-simple"},"_links":{"self":[{"href":"https:\/\/stoic-curie.212-227-153-4.plesk.page\/de\/wp-json\/wp\/v2\/product\/3406304","targetHints":{"allow":["GET"]}}],"collection":[{"href":"https:\/\/stoic-curie.212-227-153-4.plesk.page\/de\/wp-json\/wp\/v2\/product"}],"about":[{"href":"https:\/\/stoic-curie.212-227-153-4.plesk.page\/de\/wp-json\/wp\/v2\/types\/product"}],"replies":[{"embeddable":true,"href":"https:\/\/stoic-curie.212-227-153-4.plesk.page\/de\/wp-json\/wp\/v2\/comments?post=3406304"}],"version-history":[{"count":0,"href":"https:\/\/stoic-curie.212-227-153-4.plesk.page\/de\/wp-json\/wp\/v2\/product\/3406304\/revisions"}],"wp:featuredmedia":[{"embeddable":true,"href":"https:\/\/stoic-curie.212-227-153-4.plesk.page\/de\/wp-json\/wp\/v2\/media\/5939407"}],"wp:attachment":[{"href":"https:\/\/stoic-curie.212-227-153-4.plesk.page\/de\/wp-json\/wp\/v2\/media?parent=3406304"}],"wp:term":[{"taxonomy":"product_brand","embeddable":true,"href":"https:\/\/stoic-curie.212-227-153-4.plesk.page\/de\/wp-json\/wp\/v2\/product_brand?post=3406304"},{"taxonomy":"product_cat","embeddable":true,"href":"https:\/\/stoic-curie.212-227-153-4.plesk.page\/de\/wp-json\/wp\/v2\/product_cat?post=3406304"},{"taxonomy":"product_tag","embeddable":true,"href":"https:\/\/stoic-curie.212-227-153-4.plesk.page\/de\/wp-json\/wp\/v2\/product_tag?post=3406304"}],"curies":[{"name":"wp","href":"https:\/\/api.w.org\/{rel}","templated":true}]}}