{"id":3406331,"date":"2025-10-09T22:41:39","date_gmt":"2025-10-10T02:41:39","guid":{"rendered":"https:\/\/stoic-curie.212-227-153-4.plesk.page\/product\/led-12v-hoeflichkeitslichter-mini-o-40-x-h30-mm-8-x-02-w-led\/"},"modified":"2026-02-24T23:34:50","modified_gmt":"2026-02-24T23:34:50","slug":"led-12v-hoeflichkeitslichter-mini-o-40-x-h30-mm-8-x-02-w-led","status":"publish","type":"product","link":"https:\/\/stoic-curie.212-227-153-4.plesk.page\/de\/product\/led-12v-hoeflichkeitslichter-mini-o-40-x-h30-mm-8-x-02-w-led\/","title":{"rendered":"LED-12V-H\u00f6flichkeitslichter Mini \u00f8 40 x h30 mm 8 x 0,2 W LED"},"content":{"rendered":"<p>LED-12V-H\u00f6flichkeitslichter Mini \u00f8 40 x h30 mm 8 x 0,2 W LED &#8211; <\/p>\n<p>Wei\u00dfer Kunststoff-Rotations-LED-Warmlampe. Helles Licht, geringer Verbrauch und lange Lebensdauer.<\/p>\n","protected":false},"excerpt":{"rendered":"<p>LED-12V-H\u00f6flichkeitslichter Mini \u00f8 40 x h30 mm 8 x 0,2 W LED &#8211; Wei\u00dfer Kunststoff-Rotations-LED-Warmlampe. Helles Licht, geringer Verbrauch und<\/p>\n","protected":false},"featured_media":5939412,"comment_status":"closed","ping_status":"closed","template":"","meta":[],"product_brand":[3220],"product_cat":[1452],"product_tag":[],"class_list":{"0":"post-3406331","1":"product","2":"type-product","3":"status-publish","4":"has-post-thumbnail","6":"product_brand-oceanled-de","7":"product_cat-bootsbeleuchtung","9":"first","10":"instock","11":"shipping-taxable","12":"purchasable","13":"product-type-simple"},"_links":{"self":[{"href":"https:\/\/stoic-curie.212-227-153-4.plesk.page\/de\/wp-json\/wp\/v2\/product\/3406331","targetHints":{"allow":["GET"]}}],"collection":[{"href":"https:\/\/stoic-curie.212-227-153-4.plesk.page\/de\/wp-json\/wp\/v2\/product"}],"about":[{"href":"https:\/\/stoic-curie.212-227-153-4.plesk.page\/de\/wp-json\/wp\/v2\/types\/product"}],"replies":[{"embeddable":true,"href":"https:\/\/stoic-curie.212-227-153-4.plesk.page\/de\/wp-json\/wp\/v2\/comments?post=3406331"}],"version-history":[{"count":0,"href":"https:\/\/stoic-curie.212-227-153-4.plesk.page\/de\/wp-json\/wp\/v2\/product\/3406331\/revisions"}],"wp:featuredmedia":[{"embeddable":true,"href":"https:\/\/stoic-curie.212-227-153-4.plesk.page\/de\/wp-json\/wp\/v2\/media\/5939412"}],"wp:attachment":[{"href":"https:\/\/stoic-curie.212-227-153-4.plesk.page\/de\/wp-json\/wp\/v2\/media?parent=3406331"}],"wp:term":[{"taxonomy":"product_brand","embeddable":true,"href":"https:\/\/stoic-curie.212-227-153-4.plesk.page\/de\/wp-json\/wp\/v2\/product_brand?post=3406331"},{"taxonomy":"product_cat","embeddable":true,"href":"https:\/\/stoic-curie.212-227-153-4.plesk.page\/de\/wp-json\/wp\/v2\/product_cat?post=3406331"},{"taxonomy":"product_tag","embeddable":true,"href":"https:\/\/stoic-curie.212-227-153-4.plesk.page\/de\/wp-json\/wp\/v2\/product_tag?post=3406331"}],"curies":[{"name":"wp","href":"https:\/\/api.w.org\/{rel}","templated":true}]}}