{"id":3406345,"date":"2025-10-09T22:41:39","date_gmt":"2025-10-10T02:41:39","guid":{"rendered":"https:\/\/stoic-curie.212-227-153-4.plesk.page\/product\/led-hoeflichkeitsleuchte-indus-rot-38-mm\/"},"modified":"2026-02-24T23:34:50","modified_gmt":"2026-02-24T23:34:50","slug":"led-hoeflichkeitsleuchte-indus-rot-38-mm","status":"publish","type":"product","link":"https:\/\/stoic-curie.212-227-153-4.plesk.page\/de\/product\/led-hoeflichkeitsleuchte-indus-rot-38-mm\/","title":{"rendered":"LED-H\u00f6flichkeitsleuchte Indus Rot 38 mm"},"content":{"rendered":"<p>LED-H\u00f6flichkeitsleuchte Indus Rot 38 mm &#8211; <\/p>\n<p>Wasserdichte IP67 LED-Beleuchtung f\u00fcr Innen- und Au\u00dfenbereiche. Geh\u00e4use aus verchromtem Messing, Edelstahlschrauben. Universelle 12\/24V Stromversorgung.<\/p>\n","protected":false},"excerpt":{"rendered":"<p>LED-H\u00f6flichkeitsleuchte Indus Rot 38 mm &#8211; Wasserdichte IP67 LED-Beleuchtung f\u00fcr Innen- und Au\u00dfenbereiche. Geh\u00e4use aus verchromtem Messing, Edelstahlschrauben. Universelle 12\/24V<\/p>\n","protected":false},"featured_media":5939414,"comment_status":"closed","ping_status":"closed","template":"","meta":[],"product_brand":[2945],"product_cat":[1452,1443],"product_tag":[],"class_list":{"0":"post-3406345","1":"product","2":"type-product","3":"status-publish","4":"has-post-thumbnail","6":"product_brand-foresti-suardi-de","7":"product_cat-bootsbeleuchtung","8":"product_cat-bootshinweislichter","10":"first","11":"instock","12":"shipping-taxable","13":"purchasable","14":"product-type-simple"},"_links":{"self":[{"href":"https:\/\/stoic-curie.212-227-153-4.plesk.page\/de\/wp-json\/wp\/v2\/product\/3406345","targetHints":{"allow":["GET"]}}],"collection":[{"href":"https:\/\/stoic-curie.212-227-153-4.plesk.page\/de\/wp-json\/wp\/v2\/product"}],"about":[{"href":"https:\/\/stoic-curie.212-227-153-4.plesk.page\/de\/wp-json\/wp\/v2\/types\/product"}],"replies":[{"embeddable":true,"href":"https:\/\/stoic-curie.212-227-153-4.plesk.page\/de\/wp-json\/wp\/v2\/comments?post=3406345"}],"version-history":[{"count":0,"href":"https:\/\/stoic-curie.212-227-153-4.plesk.page\/de\/wp-json\/wp\/v2\/product\/3406345\/revisions"}],"wp:featuredmedia":[{"embeddable":true,"href":"https:\/\/stoic-curie.212-227-153-4.plesk.page\/de\/wp-json\/wp\/v2\/media\/5939414"}],"wp:attachment":[{"href":"https:\/\/stoic-curie.212-227-153-4.plesk.page\/de\/wp-json\/wp\/v2\/media?parent=3406345"}],"wp:term":[{"taxonomy":"product_brand","embeddable":true,"href":"https:\/\/stoic-curie.212-227-153-4.plesk.page\/de\/wp-json\/wp\/v2\/product_brand?post=3406345"},{"taxonomy":"product_cat","embeddable":true,"href":"https:\/\/stoic-curie.212-227-153-4.plesk.page\/de\/wp-json\/wp\/v2\/product_cat?post=3406345"},{"taxonomy":"product_tag","embeddable":true,"href":"https:\/\/stoic-curie.212-227-153-4.plesk.page\/de\/wp-json\/wp\/v2\/product_tag?post=3406345"}],"curies":[{"name":"wp","href":"https:\/\/api.w.org\/{rel}","templated":true}]}}