{"id":3406607,"date":"2025-10-09T22:41:49","date_gmt":"2025-10-10T02:41:49","guid":{"rendered":"https:\/\/stoic-curie.212-227-153-4.plesk.page\/product\/oeldruckmessgeraet-0-10-bar-uflex-ultra-schwarz-52-mm\/"},"modified":"2026-02-24T23:34:50","modified_gmt":"2026-02-24T23:34:50","slug":"oeldruckmessgeraet-0-10-bar-uflex-ultra-schwarz-52-mm","status":"publish","type":"product","link":"https:\/\/stoic-curie.212-227-153-4.plesk.page\/de\/product\/oeldruckmessgeraet-0-10-bar-uflex-ultra-schwarz-52-mm\/","title":{"rendered":"\u00d6ldruckmessger\u00e4t 0-10 bar Uflex Ultra Schwarz 52 mm"},"content":{"rendered":"<p>\u00d6ldruckmessger\u00e4t 0-10 bar Uflex Ultra Schwarz 52 mm &#8211; <\/p>\n<p>Uflex IP67 wasserdichte Instrumente mit doppellagiger verst\u00e4rkter Antikondensationslinse. Schwarzer Kunststoffrahmen und schwarzes Zifferblatt. Universelle Spannung 12\/24V mit anpassbarem roten oder gelben Hintergrundlicht. Plug-and-Play-Installation, komplett mit verdrahtetem Molex-Stecker. Alle Druck-, Temperatur-, Niveaue- und Winkelanzeigen m\u00fcssen mit Sensoren ausgestattet werden. Der GPS-Geschwindigkeitsanzeiger wird mit Empf\u00e4nger und Antenne geliefert.<\/p>\n","protected":false},"excerpt":{"rendered":"<p>\u00d6ldruckmessger\u00e4t 0-10 bar Uflex Ultra Schwarz 52 mm &#8211; Uflex IP67 wasserdichte Instrumente mit doppellagiger verst\u00e4rkter Antikondensationslinse. Schwarzer Kunststoffrahmen und<\/p>\n","protected":false},"featured_media":5936067,"comment_status":"closed","ping_status":"closed","template":"","meta":[],"product_brand":[3500],"product_cat":[1520],"product_tag":[],"class_list":{"0":"post-3406607","1":"product","2":"type-product","3":"status-publish","4":"has-post-thumbnail","6":"product_brand-ultraflex-uflex-de","7":"product_cat-uflex-messgeraete","9":"first","10":"instock","11":"shipping-taxable","12":"purchasable","13":"product-type-simple"},"_links":{"self":[{"href":"https:\/\/stoic-curie.212-227-153-4.plesk.page\/de\/wp-json\/wp\/v2\/product\/3406607","targetHints":{"allow":["GET"]}}],"collection":[{"href":"https:\/\/stoic-curie.212-227-153-4.plesk.page\/de\/wp-json\/wp\/v2\/product"}],"about":[{"href":"https:\/\/stoic-curie.212-227-153-4.plesk.page\/de\/wp-json\/wp\/v2\/types\/product"}],"replies":[{"embeddable":true,"href":"https:\/\/stoic-curie.212-227-153-4.plesk.page\/de\/wp-json\/wp\/v2\/comments?post=3406607"}],"version-history":[{"count":0,"href":"https:\/\/stoic-curie.212-227-153-4.plesk.page\/de\/wp-json\/wp\/v2\/product\/3406607\/revisions"}],"wp:featuredmedia":[{"embeddable":true,"href":"https:\/\/stoic-curie.212-227-153-4.plesk.page\/de\/wp-json\/wp\/v2\/media\/5936067"}],"wp:attachment":[{"href":"https:\/\/stoic-curie.212-227-153-4.plesk.page\/de\/wp-json\/wp\/v2\/media?parent=3406607"}],"wp:term":[{"taxonomy":"product_brand","embeddable":true,"href":"https:\/\/stoic-curie.212-227-153-4.plesk.page\/de\/wp-json\/wp\/v2\/product_brand?post=3406607"},{"taxonomy":"product_cat","embeddable":true,"href":"https:\/\/stoic-curie.212-227-153-4.plesk.page\/de\/wp-json\/wp\/v2\/product_cat?post=3406607"},{"taxonomy":"product_tag","embeddable":true,"href":"https:\/\/stoic-curie.212-227-153-4.plesk.page\/de\/wp-json\/wp\/v2\/product_tag?post=3406607"}],"curies":[{"name":"wp","href":"https:\/\/api.w.org\/{rel}","templated":true}]}}