{"id":3406743,"date":"2025-10-09T22:41:54","date_gmt":"2025-10-10T02:41:54","guid":{"rendered":"https:\/\/stoic-curie.212-227-153-4.plesk.page\/product\/gummipads-fuer-anhaenger-90-x-500\/"},"modified":"2026-02-24T23:34:50","modified_gmt":"2026-02-24T23:34:50","slug":"gummipads-fuer-anhaenger-90-x-500","status":"publish","type":"product","link":"https:\/\/stoic-curie.212-227-153-4.plesk.page\/de\/product\/gummipads-fuer-anhaenger-90-x-500\/","title":{"rendered":"Gummipads f\u00fcr Anh\u00e4nger 90 x 500"},"content":{"rendered":"<p>Gummipads f\u00fcr Anh\u00e4nger 90 x 500 &#8211; <\/p>\n<p>Schwarze Gummiunterlagen f\u00fcr Anh\u00e4nger.<\/p>\n","protected":false},"excerpt":{"rendered":"<p>Gummipads f\u00fcr Anh\u00e4nger 90 x 500 &#8211; Schwarze Gummiunterlagen f\u00fcr Anh\u00e4nger.<\/p>\n","protected":false},"featured_media":5939565,"comment_status":"closed","ping_status":"closed","template":"","meta":[],"product_brand":[2890],"product_cat":[1554],"product_tag":[],"class_list":{"0":"post-3406743","1":"product","2":"type-product","3":"status-publish","4":"has-post-thumbnail","6":"product_brand-domar-de","7":"product_cat-anhaengerzubehoer","9":"first","10":"instock","11":"shipping-taxable","12":"purchasable","13":"product-type-simple"},"_links":{"self":[{"href":"https:\/\/stoic-curie.212-227-153-4.plesk.page\/de\/wp-json\/wp\/v2\/product\/3406743","targetHints":{"allow":["GET"]}}],"collection":[{"href":"https:\/\/stoic-curie.212-227-153-4.plesk.page\/de\/wp-json\/wp\/v2\/product"}],"about":[{"href":"https:\/\/stoic-curie.212-227-153-4.plesk.page\/de\/wp-json\/wp\/v2\/types\/product"}],"replies":[{"embeddable":true,"href":"https:\/\/stoic-curie.212-227-153-4.plesk.page\/de\/wp-json\/wp\/v2\/comments?post=3406743"}],"version-history":[{"count":0,"href":"https:\/\/stoic-curie.212-227-153-4.plesk.page\/de\/wp-json\/wp\/v2\/product\/3406743\/revisions"}],"wp:featuredmedia":[{"embeddable":true,"href":"https:\/\/stoic-curie.212-227-153-4.plesk.page\/de\/wp-json\/wp\/v2\/media\/5939565"}],"wp:attachment":[{"href":"https:\/\/stoic-curie.212-227-153-4.plesk.page\/de\/wp-json\/wp\/v2\/media?parent=3406743"}],"wp:term":[{"taxonomy":"product_brand","embeddable":true,"href":"https:\/\/stoic-curie.212-227-153-4.plesk.page\/de\/wp-json\/wp\/v2\/product_brand?post=3406743"},{"taxonomy":"product_cat","embeddable":true,"href":"https:\/\/stoic-curie.212-227-153-4.plesk.page\/de\/wp-json\/wp\/v2\/product_cat?post=3406743"},{"taxonomy":"product_tag","embeddable":true,"href":"https:\/\/stoic-curie.212-227-153-4.plesk.page\/de\/wp-json\/wp\/v2\/product_tag?post=3406743"}],"curies":[{"name":"wp","href":"https:\/\/api.w.org\/{rel}","templated":true}]}}