{"id":3406844,"date":"2025-10-09T22:41:58","date_gmt":"2025-10-10T02:41:58","guid":{"rendered":"https:\/\/stoic-curie.212-227-153-4.plesk.page\/product\/schluessel-fuer-ventile-von-schlauchbooten\/"},"modified":"2026-02-24T23:34:50","modified_gmt":"2026-02-24T23:34:50","slug":"schluessel-fuer-ventile-von-schlauchbooten","status":"publish","type":"product","link":"https:\/\/stoic-curie.212-227-153-4.plesk.page\/de\/product\/schluessel-fuer-ventile-von-schlauchbooten\/","title":{"rendered":"Schl\u00fcssel f\u00fcr Ventile von Schlauchbooten"},"content":{"rendered":"<p>Schl\u00fcssel f\u00fcr Ventile von Schlauchbooten &#8211; <\/p>\n<p>Ventil zum Aufblasen und Entleeren von aufblasbaren Booten. Einsatzeinheit mit einem Durchmesser von 35 mm.<\/p>\n","protected":false},"excerpt":{"rendered":"<p>Schl\u00fcssel f\u00fcr Ventile von Schlauchbooten &#8211; Ventil zum Aufblasen und Entleeren von aufblasbaren Booten. Einsatzeinheit mit einem Durchmesser von 35<\/p>\n","protected":false},"featured_media":5939583,"comment_status":"closed","ping_status":"closed","template":"","meta":[],"product_brand":[2850],"product_cat":[1552],"product_tag":[],"class_list":{"0":"post-3406844","1":"product","2":"type-product","3":"status-publish","4":"has-post-thumbnail","6":"product_brand-bravo-scoprega-de","7":"product_cat-zubehoer-fuer-schlauchboote","9":"first","10":"instock","11":"shipping-taxable","12":"purchasable","13":"product-type-simple"},"_links":{"self":[{"href":"https:\/\/stoic-curie.212-227-153-4.plesk.page\/de\/wp-json\/wp\/v2\/product\/3406844","targetHints":{"allow":["GET"]}}],"collection":[{"href":"https:\/\/stoic-curie.212-227-153-4.plesk.page\/de\/wp-json\/wp\/v2\/product"}],"about":[{"href":"https:\/\/stoic-curie.212-227-153-4.plesk.page\/de\/wp-json\/wp\/v2\/types\/product"}],"replies":[{"embeddable":true,"href":"https:\/\/stoic-curie.212-227-153-4.plesk.page\/de\/wp-json\/wp\/v2\/comments?post=3406844"}],"version-history":[{"count":0,"href":"https:\/\/stoic-curie.212-227-153-4.plesk.page\/de\/wp-json\/wp\/v2\/product\/3406844\/revisions"}],"wp:featuredmedia":[{"embeddable":true,"href":"https:\/\/stoic-curie.212-227-153-4.plesk.page\/de\/wp-json\/wp\/v2\/media\/5939583"}],"wp:attachment":[{"href":"https:\/\/stoic-curie.212-227-153-4.plesk.page\/de\/wp-json\/wp\/v2\/media?parent=3406844"}],"wp:term":[{"taxonomy":"product_brand","embeddable":true,"href":"https:\/\/stoic-curie.212-227-153-4.plesk.page\/de\/wp-json\/wp\/v2\/product_brand?post=3406844"},{"taxonomy":"product_cat","embeddable":true,"href":"https:\/\/stoic-curie.212-227-153-4.plesk.page\/de\/wp-json\/wp\/v2\/product_cat?post=3406844"},{"taxonomy":"product_tag","embeddable":true,"href":"https:\/\/stoic-curie.212-227-153-4.plesk.page\/de\/wp-json\/wp\/v2\/product_tag?post=3406844"}],"curies":[{"name":"wp","href":"https:\/\/api.w.org\/{rel}","templated":true}]}}