{"id":3406853,"date":"2025-10-09T22:41:59","date_gmt":"2025-10-10T02:41:59","guid":{"rendered":"https:\/\/stoic-curie.212-227-153-4.plesk.page\/product\/druckentlastungsventil\/"},"modified":"2026-02-24T23:34:50","modified_gmt":"2026-02-24T23:34:50","slug":"druckentlastungsventil","status":"publish","type":"product","link":"https:\/\/stoic-curie.212-227-153-4.plesk.page\/de\/product\/druckentlastungsventil\/","title":{"rendered":"Druckentlastungsventil"},"content":{"rendered":"<p>Druckentlastungsventil &#8211; <\/p>\n<p>\u00dcberdruckventil zur Installation zwischen dem Boot und der Pumpe. Sobald der gew\u00fcnschte Druck erreicht ist, gibt das Ventil die \u00fcbersch\u00fcssige Luft ab.<\/p>\n","protected":false},"excerpt":{"rendered":"<p>Druckentlastungsventil &#8211; \u00dcberdruckventil zur Installation zwischen dem Boot und der Pumpe. Sobald der gew\u00fcnschte Druck erreicht ist, gibt das Ventil<\/p>\n","protected":false},"featured_media":5939585,"comment_status":"closed","ping_status":"closed","template":"","meta":[],"product_brand":[2850],"product_cat":[1548,1552],"product_tag":[],"class_list":{"0":"post-3406853","1":"product","2":"type-product","3":"status-publish","4":"has-post-thumbnail","6":"product_brand-bravo-scoprega-de","7":"product_cat-schlauchboot-luftpumpen","8":"product_cat-zubehoer-fuer-schlauchboote","10":"first","11":"instock","12":"shipping-taxable","13":"purchasable","14":"product-type-simple"},"_links":{"self":[{"href":"https:\/\/stoic-curie.212-227-153-4.plesk.page\/de\/wp-json\/wp\/v2\/product\/3406853","targetHints":{"allow":["GET"]}}],"collection":[{"href":"https:\/\/stoic-curie.212-227-153-4.plesk.page\/de\/wp-json\/wp\/v2\/product"}],"about":[{"href":"https:\/\/stoic-curie.212-227-153-4.plesk.page\/de\/wp-json\/wp\/v2\/types\/product"}],"replies":[{"embeddable":true,"href":"https:\/\/stoic-curie.212-227-153-4.plesk.page\/de\/wp-json\/wp\/v2\/comments?post=3406853"}],"version-history":[{"count":0,"href":"https:\/\/stoic-curie.212-227-153-4.plesk.page\/de\/wp-json\/wp\/v2\/product\/3406853\/revisions"}],"wp:featuredmedia":[{"embeddable":true,"href":"https:\/\/stoic-curie.212-227-153-4.plesk.page\/de\/wp-json\/wp\/v2\/media\/5939585"}],"wp:attachment":[{"href":"https:\/\/stoic-curie.212-227-153-4.plesk.page\/de\/wp-json\/wp\/v2\/media?parent=3406853"}],"wp:term":[{"taxonomy":"product_brand","embeddable":true,"href":"https:\/\/stoic-curie.212-227-153-4.plesk.page\/de\/wp-json\/wp\/v2\/product_brand?post=3406853"},{"taxonomy":"product_cat","embeddable":true,"href":"https:\/\/stoic-curie.212-227-153-4.plesk.page\/de\/wp-json\/wp\/v2\/product_cat?post=3406853"},{"taxonomy":"product_tag","embeddable":true,"href":"https:\/\/stoic-curie.212-227-153-4.plesk.page\/de\/wp-json\/wp\/v2\/product_tag?post=3406853"}],"curies":[{"name":"wp","href":"https:\/\/api.w.org\/{rel}","templated":true}]}}