{"id":3406937,"date":"2025-10-09T22:42:01","date_gmt":"2025-10-10T02:42:01","guid":{"rendered":"https:\/\/stoic-curie.212-227-153-4.plesk.page\/product\/solas-zugelassene-rettungsweste-fuer-erwachsene\/"},"modified":"2026-02-24T23:34:50","modified_gmt":"2026-02-24T23:34:50","slug":"solas-zugelassene-rettungsweste-fuer-erwachsene","status":"publish","type":"product","link":"https:\/\/stoic-curie.212-227-153-4.plesk.page\/de\/product\/solas-zugelassene-rettungsweste-fuer-erwachsene\/","title":{"rendered":"Solas zugelassene Rettungsweste f\u00fcr Erwachsene"},"content":{"rendered":"<p>Solas zugelassene Rettungsweste f\u00fcr Erwachsene &#8211; <\/p>\n<p>Solas M.E.D. 2014\/90\/EU Schaumrettungsweste, hergestellt gem\u00e4\u00df den neuesten Vorschriften f\u00fcr den Personen- und G\u00fctertransport. Ausgestattet mit einer Schnallengurt, Hebeschlaufe, Buddy-Leine, reflektierenden B\u00e4ndern und einer Pfeife. 170N &#8211; F\u00fcr den Einsatz in rauen Gew\u00e4ssern, f\u00fcr Personen (auch bewusstlos), die schwere oder wasserfeste Kleidung tragen.<\/p>\n","protected":false},"excerpt":{"rendered":"<p>Solas zugelassene Rettungsweste f\u00fcr Erwachsene &#8211; Solas M.E.D. 2014\/90\/EU Schaumrettungsweste, hergestellt gem\u00e4\u00df den neuesten Vorschriften f\u00fcr den Personen- und G\u00fctertransport.<\/p>\n","protected":false},"featured_media":5939607,"comment_status":"closed","ping_status":"closed","template":"","meta":[],"product_brand":[3515],"product_cat":[1314],"product_tag":[],"class_list":{"0":"post-3406937","1":"product","2":"type-product","3":"status-publish","4":"has-post-thumbnail","6":"product_brand-veleria-san-giorgio-de","7":"product_cat-zugelassene-rettungswesten","9":"first","10":"instock","11":"shipping-taxable","12":"purchasable","13":"product-type-simple"},"_links":{"self":[{"href":"https:\/\/stoic-curie.212-227-153-4.plesk.page\/de\/wp-json\/wp\/v2\/product\/3406937","targetHints":{"allow":["GET"]}}],"collection":[{"href":"https:\/\/stoic-curie.212-227-153-4.plesk.page\/de\/wp-json\/wp\/v2\/product"}],"about":[{"href":"https:\/\/stoic-curie.212-227-153-4.plesk.page\/de\/wp-json\/wp\/v2\/types\/product"}],"replies":[{"embeddable":true,"href":"https:\/\/stoic-curie.212-227-153-4.plesk.page\/de\/wp-json\/wp\/v2\/comments?post=3406937"}],"version-history":[{"count":0,"href":"https:\/\/stoic-curie.212-227-153-4.plesk.page\/de\/wp-json\/wp\/v2\/product\/3406937\/revisions"}],"wp:featuredmedia":[{"embeddable":true,"href":"https:\/\/stoic-curie.212-227-153-4.plesk.page\/de\/wp-json\/wp\/v2\/media\/5939607"}],"wp:attachment":[{"href":"https:\/\/stoic-curie.212-227-153-4.plesk.page\/de\/wp-json\/wp\/v2\/media?parent=3406937"}],"wp:term":[{"taxonomy":"product_brand","embeddable":true,"href":"https:\/\/stoic-curie.212-227-153-4.plesk.page\/de\/wp-json\/wp\/v2\/product_brand?post=3406937"},{"taxonomy":"product_cat","embeddable":true,"href":"https:\/\/stoic-curie.212-227-153-4.plesk.page\/de\/wp-json\/wp\/v2\/product_cat?post=3406937"},{"taxonomy":"product_tag","embeddable":true,"href":"https:\/\/stoic-curie.212-227-153-4.plesk.page\/de\/wp-json\/wp\/v2\/product_tag?post=3406937"}],"curies":[{"name":"wp","href":"https:\/\/api.w.org\/{rel}","templated":true}]}}