{"id":3406965,"date":"2025-10-09T22:42:02","date_gmt":"2025-10-10T02:42:02","guid":{"rendered":"https:\/\/stoic-curie.212-227-153-4.plesk.page\/product\/marine-feuerloescher-2kg-8-a-70-b-c\/"},"modified":"2026-02-24T23:34:50","modified_gmt":"2026-02-24T23:34:50","slug":"marine-feuerloescher-2kg-8-a-70-b-c","status":"publish","type":"product","link":"https:\/\/stoic-curie.212-227-153-4.plesk.page\/de\/product\/marine-feuerloescher-2kg-8-a-70-b-c\/","title":{"rendered":"Marine Feuerl\u00f6scher 2kg ( 8 A-70 B-C)"},"content":{"rendered":"<p>Marine Feuerl\u00f6scher 2kg ( 8 A-70 B-C) &#8211; <\/p>\n<p>Trockenpulverl\u00f6scher, der CE- und R.I.Na. genehmigt ist. Mit Druckmanometer und gestempeltem Herstellungsdatum. Wird ohne Verfallsdatum verkauft (nicht erforderlich f\u00fcr kleine Boote). F\u00fcr Boote muss das Verfallsdatum bei einem Wartungstechniker f\u00fcr Feuerl\u00f6scher angefragt werden.<\/p>\n","protected":false},"excerpt":{"rendered":"<p>Marine Feuerl\u00f6scher 2kg ( 8 A-70 B-C) &#8211; Trockenpulverl\u00f6scher, der CE- und R.I.Na. genehmigt ist. Mit Druckmanometer und gestempeltem Herstellungsdatum.<\/p>\n","protected":false},"featured_media":5939617,"comment_status":"closed","ping_status":"closed","template":"","meta":[],"product_brand":[2775],"product_cat":[1313],"product_tag":[],"class_list":{"0":"post-3406965","1":"product","2":"type-product","3":"status-publish","4":"has-post-thumbnail","6":"product_brand-anaf-marine-de","7":"product_cat-marine-feuerloescher","9":"first","10":"instock","11":"shipping-taxable","12":"purchasable","13":"product-type-simple"},"_links":{"self":[{"href":"https:\/\/stoic-curie.212-227-153-4.plesk.page\/de\/wp-json\/wp\/v2\/product\/3406965","targetHints":{"allow":["GET"]}}],"collection":[{"href":"https:\/\/stoic-curie.212-227-153-4.plesk.page\/de\/wp-json\/wp\/v2\/product"}],"about":[{"href":"https:\/\/stoic-curie.212-227-153-4.plesk.page\/de\/wp-json\/wp\/v2\/types\/product"}],"replies":[{"embeddable":true,"href":"https:\/\/stoic-curie.212-227-153-4.plesk.page\/de\/wp-json\/wp\/v2\/comments?post=3406965"}],"version-history":[{"count":0,"href":"https:\/\/stoic-curie.212-227-153-4.plesk.page\/de\/wp-json\/wp\/v2\/product\/3406965\/revisions"}],"wp:featuredmedia":[{"embeddable":true,"href":"https:\/\/stoic-curie.212-227-153-4.plesk.page\/de\/wp-json\/wp\/v2\/media\/5939617"}],"wp:attachment":[{"href":"https:\/\/stoic-curie.212-227-153-4.plesk.page\/de\/wp-json\/wp\/v2\/media?parent=3406965"}],"wp:term":[{"taxonomy":"product_brand","embeddable":true,"href":"https:\/\/stoic-curie.212-227-153-4.plesk.page\/de\/wp-json\/wp\/v2\/product_brand?post=3406965"},{"taxonomy":"product_cat","embeddable":true,"href":"https:\/\/stoic-curie.212-227-153-4.plesk.page\/de\/wp-json\/wp\/v2\/product_cat?post=3406965"},{"taxonomy":"product_tag","embeddable":true,"href":"https:\/\/stoic-curie.212-227-153-4.plesk.page\/de\/wp-json\/wp\/v2\/product_tag?post=3406965"}],"curies":[{"name":"wp","href":"https:\/\/api.w.org\/{rel}","templated":true}]}}