{"id":3406972,"date":"2025-10-09T22:42:03","date_gmt":"2025-10-10T02:42:03","guid":{"rendered":"https:\/\/stoic-curie.212-227-153-4.plesk.page\/product\/feuerloeschdecke-ce-zertifiziert-1000-x-1000mm\/"},"modified":"2026-02-24T23:34:50","modified_gmt":"2026-02-24T23:34:50","slug":"feuerloeschdecke-ce-zertifiziert-1000-x-1000mm","status":"publish","type":"product","link":"https:\/\/stoic-curie.212-227-153-4.plesk.page\/de\/product\/feuerloeschdecke-ce-zertifiziert-1000-x-1000mm\/","title":{"rendered":"Feuerl\u00f6schdecke CE-zertifiziert 1000 x 1000mm"},"content":{"rendered":"<p>Feuerl\u00f6schdecke CE-zertifiziert 1000 x 1000mm &#8211; <\/p>\n<p>CE-zertifizierte Feuerl\u00f6schdecke, die in der N\u00e4he von Maschinenr\u00e4umen, \u00d6fen und Kochplatten aufbewahrt werden sollte.<\/p>\n","protected":false},"excerpt":{"rendered":"<p>Feuerl\u00f6schdecke CE-zertifiziert 1000 x 1000mm &#8211; CE-zertifizierte Feuerl\u00f6schdecke, die in der N\u00e4he von Maschinenr\u00e4umen, \u00d6fen und Kochplatten aufbewahrt werden sollte.<\/p>\n","protected":false},"featured_media":5939619,"comment_status":"closed","ping_status":"closed","template":"","meta":[],"product_brand":[2775],"product_cat":[1313],"product_tag":[],"class_list":{"0":"post-3406972","1":"product","2":"type-product","3":"status-publish","4":"has-post-thumbnail","6":"product_brand-anaf-marine-de","7":"product_cat-marine-feuerloescher","9":"first","10":"instock","11":"shipping-taxable","12":"purchasable","13":"product-type-simple"},"_links":{"self":[{"href":"https:\/\/stoic-curie.212-227-153-4.plesk.page\/de\/wp-json\/wp\/v2\/product\/3406972","targetHints":{"allow":["GET"]}}],"collection":[{"href":"https:\/\/stoic-curie.212-227-153-4.plesk.page\/de\/wp-json\/wp\/v2\/product"}],"about":[{"href":"https:\/\/stoic-curie.212-227-153-4.plesk.page\/de\/wp-json\/wp\/v2\/types\/product"}],"replies":[{"embeddable":true,"href":"https:\/\/stoic-curie.212-227-153-4.plesk.page\/de\/wp-json\/wp\/v2\/comments?post=3406972"}],"version-history":[{"count":0,"href":"https:\/\/stoic-curie.212-227-153-4.plesk.page\/de\/wp-json\/wp\/v2\/product\/3406972\/revisions"}],"wp:featuredmedia":[{"embeddable":true,"href":"https:\/\/stoic-curie.212-227-153-4.plesk.page\/de\/wp-json\/wp\/v2\/media\/5939619"}],"wp:attachment":[{"href":"https:\/\/stoic-curie.212-227-153-4.plesk.page\/de\/wp-json\/wp\/v2\/media?parent=3406972"}],"wp:term":[{"taxonomy":"product_brand","embeddable":true,"href":"https:\/\/stoic-curie.212-227-153-4.plesk.page\/de\/wp-json\/wp\/v2\/product_brand?post=3406972"},{"taxonomy":"product_cat","embeddable":true,"href":"https:\/\/stoic-curie.212-227-153-4.plesk.page\/de\/wp-json\/wp\/v2\/product_cat?post=3406972"},{"taxonomy":"product_tag","embeddable":true,"href":"https:\/\/stoic-curie.212-227-153-4.plesk.page\/de\/wp-json\/wp\/v2\/product_tag?post=3406972"}],"curies":[{"name":"wp","href":"https:\/\/api.w.org\/{rel}","templated":true}]}}