{"id":3407011,"date":"2025-10-09T22:42:04","date_gmt":"2025-10-10T02:42:04","guid":{"rendered":"https:\/\/stoic-curie.212-227-153-4.plesk.page\/product\/wasserdichte-tasche-fuer-ukw-aquapac-195-x-175mm\/"},"modified":"2026-02-24T23:34:50","modified_gmt":"2026-02-24T23:34:50","slug":"wasserdichte-tasche-fuer-ukw-aquapac-195-x-175mm","status":"publish","type":"product","link":"https:\/\/stoic-curie.212-227-153-4.plesk.page\/de\/product\/wasserdichte-tasche-fuer-ukw-aquapac-195-x-175mm\/","title":{"rendered":"Wasserdichte Tasche f\u00fcr UKW Aquapac 195 x 175mm"},"content":{"rendered":"<p>Wasserdichte Tasche f\u00fcr UKW Aquapac 195 x 175mm &#8211; <\/p>\n<p>Wasserdichtes Geh\u00e4use f\u00fcr VHF bis zu 10 m tauchfest. Es st\u00f6rt weder den Klang noch die Funksignale, alle Tasten und Funktionen sind durch das Geh\u00e4use normal bedienbar. Mit Lanyard ausgestattet.<\/p>\n","protected":false},"excerpt":{"rendered":"<p>Wasserdichte Tasche f\u00fcr UKW Aquapac 195 x 175mm &#8211; Wasserdichtes Geh\u00e4use f\u00fcr VHF bis zu 10 m tauchfest. Es st\u00f6rt<\/p>\n","protected":false},"featured_media":5939624,"comment_status":"closed","ping_status":"closed","template":"","meta":[],"product_brand":[2795],"product_cat":[1568],"product_tag":[],"class_list":{"0":"post-3407011","1":"product","2":"type-product","3":"status-publish","4":"has-post-thumbnail","6":"product_brand-aquapac-de","7":"product_cat-trockensaecke","9":"first","10":"instock","11":"shipping-taxable","12":"purchasable","13":"product-type-simple"},"_links":{"self":[{"href":"https:\/\/stoic-curie.212-227-153-4.plesk.page\/de\/wp-json\/wp\/v2\/product\/3407011","targetHints":{"allow":["GET"]}}],"collection":[{"href":"https:\/\/stoic-curie.212-227-153-4.plesk.page\/de\/wp-json\/wp\/v2\/product"}],"about":[{"href":"https:\/\/stoic-curie.212-227-153-4.plesk.page\/de\/wp-json\/wp\/v2\/types\/product"}],"replies":[{"embeddable":true,"href":"https:\/\/stoic-curie.212-227-153-4.plesk.page\/de\/wp-json\/wp\/v2\/comments?post=3407011"}],"version-history":[{"count":0,"href":"https:\/\/stoic-curie.212-227-153-4.plesk.page\/de\/wp-json\/wp\/v2\/product\/3407011\/revisions"}],"wp:featuredmedia":[{"embeddable":true,"href":"https:\/\/stoic-curie.212-227-153-4.plesk.page\/de\/wp-json\/wp\/v2\/media\/5939624"}],"wp:attachment":[{"href":"https:\/\/stoic-curie.212-227-153-4.plesk.page\/de\/wp-json\/wp\/v2\/media?parent=3407011"}],"wp:term":[{"taxonomy":"product_brand","embeddable":true,"href":"https:\/\/stoic-curie.212-227-153-4.plesk.page\/de\/wp-json\/wp\/v2\/product_brand?post=3407011"},{"taxonomy":"product_cat","embeddable":true,"href":"https:\/\/stoic-curie.212-227-153-4.plesk.page\/de\/wp-json\/wp\/v2\/product_cat?post=3407011"},{"taxonomy":"product_tag","embeddable":true,"href":"https:\/\/stoic-curie.212-227-153-4.plesk.page\/de\/wp-json\/wp\/v2\/product_tag?post=3407011"}],"curies":[{"name":"wp","href":"https:\/\/api.w.org\/{rel}","templated":true}]}}