{"id":3407048,"date":"2025-10-09T22:42:05","date_gmt":"2025-10-10T02:42:05","guid":{"rendered":"https:\/\/stoic-curie.212-227-153-4.plesk.page\/product\/wasserdichte-zylindrische-behaelter-24-x-h38cm\/"},"modified":"2026-02-24T23:34:50","modified_gmt":"2026-02-24T23:34:50","slug":"wasserdichte-zylindrische-behaelter-24-x-h38cm","status":"publish","type":"product","link":"https:\/\/stoic-curie.212-227-153-4.plesk.page\/de\/product\/wasserdichte-zylindrische-behaelter-24-x-h38cm\/","title":{"rendered":"Wasserdichte zylindrische Beh\u00e4lter 24 x H38cm"},"content":{"rendered":"<p>Wasserdichte zylindrische Beh\u00e4lter 24 x H38cm &#8211; <\/p>\n<p>Wasserdichte zylindrische Dosen zur Aufbewahrung von Signalraketen, Medikamenten, pers\u00f6nlichen Gegenst\u00e4nden usw. Halsdurchmesser 127 mm.<\/p>\n","protected":false},"excerpt":{"rendered":"<p>Wasserdichte zylindrische Beh\u00e4lter 24 x H38cm &#8211; Wasserdichte zylindrische Dosen zur Aufbewahrung von Signalraketen, Medikamenten, pers\u00f6nlichen Gegenst\u00e4nden usw. Halsdurchmesser 127<\/p>\n","protected":false},"featured_media":5939632,"comment_status":"closed","ping_status":"closed","template":"","meta":[],"product_brand":[2855],"product_cat":[1568],"product_tag":[],"class_list":{"0":"post-3407048","1":"product","2":"type-product","3":"status-publish","4":"has-post-thumbnail","6":"product_brand-can-marine-de","7":"product_cat-trockensaecke","9":"first","10":"instock","11":"shipping-taxable","12":"purchasable","13":"product-type-simple"},"_links":{"self":[{"href":"https:\/\/stoic-curie.212-227-153-4.plesk.page\/de\/wp-json\/wp\/v2\/product\/3407048","targetHints":{"allow":["GET"]}}],"collection":[{"href":"https:\/\/stoic-curie.212-227-153-4.plesk.page\/de\/wp-json\/wp\/v2\/product"}],"about":[{"href":"https:\/\/stoic-curie.212-227-153-4.plesk.page\/de\/wp-json\/wp\/v2\/types\/product"}],"replies":[{"embeddable":true,"href":"https:\/\/stoic-curie.212-227-153-4.plesk.page\/de\/wp-json\/wp\/v2\/comments?post=3407048"}],"version-history":[{"count":0,"href":"https:\/\/stoic-curie.212-227-153-4.plesk.page\/de\/wp-json\/wp\/v2\/product\/3407048\/revisions"}],"wp:featuredmedia":[{"embeddable":true,"href":"https:\/\/stoic-curie.212-227-153-4.plesk.page\/de\/wp-json\/wp\/v2\/media\/5939632"}],"wp:attachment":[{"href":"https:\/\/stoic-curie.212-227-153-4.plesk.page\/de\/wp-json\/wp\/v2\/media?parent=3407048"}],"wp:term":[{"taxonomy":"product_brand","embeddable":true,"href":"https:\/\/stoic-curie.212-227-153-4.plesk.page\/de\/wp-json\/wp\/v2\/product_brand?post=3407048"},{"taxonomy":"product_cat","embeddable":true,"href":"https:\/\/stoic-curie.212-227-153-4.plesk.page\/de\/wp-json\/wp\/v2\/product_cat?post=3407048"},{"taxonomy":"product_tag","embeddable":true,"href":"https:\/\/stoic-curie.212-227-153-4.plesk.page\/de\/wp-json\/wp\/v2\/product_tag?post=3407048"}],"curies":[{"name":"wp","href":"https:\/\/api.w.org\/{rel}","templated":true}]}}