{"id":3407069,"date":"2025-10-09T22:42:06","date_gmt":"2025-10-10T02:42:06","guid":{"rendered":"https:\/\/stoic-curie.212-227-153-4.plesk.page\/product\/rohrfoermiger-radarreflektor-50-x-h570mm-25-seemeilen\/"},"modified":"2026-02-24T23:34:50","modified_gmt":"2026-02-24T23:34:50","slug":"rohrfoermiger-radarreflektor-50-x-h570mm-25-seemeilen","status":"publish","type":"product","link":"https:\/\/stoic-curie.212-227-153-4.plesk.page\/de\/product\/rohrfoermiger-radarreflektor-50-x-h570mm-25-seemeilen\/","title":{"rendered":"Rohrfoermiger Radarreflektor 50 x H570mm (2,5 Seemeilen)"},"content":{"rendered":"<p>Rohrfoermiger Radarreflektor 50 x H570mm (2,5 Seemeilen) &#8211; <\/p>\n<p>Universeller rohrf\u00f6rmiger Radarreflektor f\u00fcr Segelboote. Kann an der Takelage gehisst oder mit dem optionalen Standfu\u00dfcode 3035212 auf dem Boden montiert werden. Hervorragende Radaransprechbarkeit dank der erh\u00f6hten reflektierenden Fl\u00e4che.<\/p>\n","protected":false},"excerpt":{"rendered":"<p>Rohrfoermiger Radarreflektor 50 x H570mm (2,5 Seemeilen) &#8211; Universeller rohrf\u00f6rmiger Radarreflektor f\u00fcr Segelboote. Kann an der Takelage gehisst oder mit<\/p>\n","protected":false},"featured_media":5939637,"comment_status":"closed","ping_status":"closed","template":"","meta":[],"product_brand":[2875],"product_cat":[1318,1489,1484],"product_tag":[],"class_list":{"0":"post-3407069","1":"product","2":"type-product","3":"status-publish","4":"has-post-thumbnail","6":"product_brand-davis-de","7":"product_cat-sicherheitszubehoer","8":"product_cat-signalignalgeraete","9":"product_cat-zubehoer-fuer-segelboote","11":"first","12":"instock","13":"shipping-taxable","14":"purchasable","15":"product-type-simple"},"_links":{"self":[{"href":"https:\/\/stoic-curie.212-227-153-4.plesk.page\/de\/wp-json\/wp\/v2\/product\/3407069","targetHints":{"allow":["GET"]}}],"collection":[{"href":"https:\/\/stoic-curie.212-227-153-4.plesk.page\/de\/wp-json\/wp\/v2\/product"}],"about":[{"href":"https:\/\/stoic-curie.212-227-153-4.plesk.page\/de\/wp-json\/wp\/v2\/types\/product"}],"replies":[{"embeddable":true,"href":"https:\/\/stoic-curie.212-227-153-4.plesk.page\/de\/wp-json\/wp\/v2\/comments?post=3407069"}],"version-history":[{"count":0,"href":"https:\/\/stoic-curie.212-227-153-4.plesk.page\/de\/wp-json\/wp\/v2\/product\/3407069\/revisions"}],"wp:featuredmedia":[{"embeddable":true,"href":"https:\/\/stoic-curie.212-227-153-4.plesk.page\/de\/wp-json\/wp\/v2\/media\/5939637"}],"wp:attachment":[{"href":"https:\/\/stoic-curie.212-227-153-4.plesk.page\/de\/wp-json\/wp\/v2\/media?parent=3407069"}],"wp:term":[{"taxonomy":"product_brand","embeddable":true,"href":"https:\/\/stoic-curie.212-227-153-4.plesk.page\/de\/wp-json\/wp\/v2\/product_brand?post=3407069"},{"taxonomy":"product_cat","embeddable":true,"href":"https:\/\/stoic-curie.212-227-153-4.plesk.page\/de\/wp-json\/wp\/v2\/product_cat?post=3407069"},{"taxonomy":"product_tag","embeddable":true,"href":"https:\/\/stoic-curie.212-227-153-4.plesk.page\/de\/wp-json\/wp\/v2\/product_tag?post=3407069"}],"curies":[{"name":"wp","href":"https:\/\/api.w.org\/{rel}","templated":true}]}}