{"id":3407106,"date":"2025-10-09T22:42:07","date_gmt":"2025-10-10T02:42:07","guid":{"rendered":"https:\/\/stoic-curie.212-227-153-4.plesk.page\/product\/polyesterweisses-naehgarn-liros-03-mm-140-m\/"},"modified":"2026-02-24T23:34:50","modified_gmt":"2026-02-24T23:34:50","slug":"polyesterweisses-naehgarn-liros-03-mm-140-m","status":"publish","type":"product","link":"https:\/\/stoic-curie.212-227-153-4.plesk.page\/de\/product\/polyesterweisses-naehgarn-liros-03-mm-140-m\/","title":{"rendered":"Polyesterwei\u00dfes N\u00e4hgarn Liros 0,3 mm 140 m"},"content":{"rendered":"<p>Polyesterwei\u00dfes N\u00e4hgarn Liros 0,3 mm 140 m &#8211; <\/p>\n<p>Wei\u00dfer N\u00e4hfaden aus Polyester.<\/p>\n","protected":false},"excerpt":{"rendered":"<p>Polyesterwei\u00dfes N\u00e4hgarn Liros 0,3 mm 140 m &#8211; Wei\u00dfer N\u00e4hfaden aus Polyester.<\/p>\n","protected":false},"featured_media":5939642,"comment_status":"closed","ping_status":"closed","template":"","meta":[],"product_brand":[3065],"product_cat":[1481,1569,1326],"product_tag":[],"class_list":{"0":"post-3407106","1":"product","2":"type-product","3":"status-publish","4":"has-post-thumbnail","6":"product_brand-liros-de","7":"product_cat-schoten-und-taljen","8":"product_cat-segelmesser-und-werkzeuge","9":"product_cat-splicing-werkzeuge","11":"first","12":"instock","13":"shipping-taxable","14":"purchasable","15":"product-type-simple"},"_links":{"self":[{"href":"https:\/\/stoic-curie.212-227-153-4.plesk.page\/de\/wp-json\/wp\/v2\/product\/3407106","targetHints":{"allow":["GET"]}}],"collection":[{"href":"https:\/\/stoic-curie.212-227-153-4.plesk.page\/de\/wp-json\/wp\/v2\/product"}],"about":[{"href":"https:\/\/stoic-curie.212-227-153-4.plesk.page\/de\/wp-json\/wp\/v2\/types\/product"}],"replies":[{"embeddable":true,"href":"https:\/\/stoic-curie.212-227-153-4.plesk.page\/de\/wp-json\/wp\/v2\/comments?post=3407106"}],"version-history":[{"count":0,"href":"https:\/\/stoic-curie.212-227-153-4.plesk.page\/de\/wp-json\/wp\/v2\/product\/3407106\/revisions"}],"wp:featuredmedia":[{"embeddable":true,"href":"https:\/\/stoic-curie.212-227-153-4.plesk.page\/de\/wp-json\/wp\/v2\/media\/5939642"}],"wp:attachment":[{"href":"https:\/\/stoic-curie.212-227-153-4.plesk.page\/de\/wp-json\/wp\/v2\/media?parent=3407106"}],"wp:term":[{"taxonomy":"product_brand","embeddable":true,"href":"https:\/\/stoic-curie.212-227-153-4.plesk.page\/de\/wp-json\/wp\/v2\/product_brand?post=3407106"},{"taxonomy":"product_cat","embeddable":true,"href":"https:\/\/stoic-curie.212-227-153-4.plesk.page\/de\/wp-json\/wp\/v2\/product_cat?post=3407106"},{"taxonomy":"product_tag","embeddable":true,"href":"https:\/\/stoic-curie.212-227-153-4.plesk.page\/de\/wp-json\/wp\/v2\/product_tag?post=3407106"}],"curies":[{"name":"wp","href":"https:\/\/api.w.org\/{rel}","templated":true}]}}