{"id":3407195,"date":"2025-10-09T22:42:11","date_gmt":"2025-10-10T02:42:11","guid":{"rendered":"https:\/\/stoic-curie.212-227-153-4.plesk.page\/product\/halstuchbeutel-30-x-60-cm\/"},"modified":"2026-02-24T23:34:50","modified_gmt":"2026-02-24T23:34:50","slug":"halstuchbeutel-30-x-60-cm","status":"publish","type":"product","link":"https:\/\/stoic-curie.212-227-153-4.plesk.page\/de\/product\/halstuchbeutel-30-x-60-cm\/","title":{"rendered":"Halstuchbeutel 30 x 60 cm"},"content":{"rendered":"<p>Halstuchbeutel 30 x 60 cm &#8211; <\/p>\n<p>Nylon-Netzbeutel mit schnellem Zugbandverschluss und Aufhaken. Ideal zum Verstauen von Leinen und T\u00fcchern. Erm\u00f6glicht das einfache Trocknen nasser Leinen, Handt\u00fccher usw.<\/p>\n","protected":false},"excerpt":{"rendered":"<p>Halstuchbeutel 30 x 60 cm &#8211; Nylon-Netzbeutel mit schnellem Zugbandverschluss und Aufhaken. Ideal zum Verstauen von Leinen und T\u00fcchern. Erm\u00f6glicht<\/p>\n","protected":false},"featured_media":5939657,"comment_status":"closed","ping_status":"closed","template":"","meta":[],"product_brand":[3235],"product_cat":[1357,1481],"product_tag":[],"class_list":{"0":"post-3407195","1":"product","2":"type-product","3":"status-publish","4":"has-post-thumbnail","6":"product_brand-osculati-de","7":"product_cat-aufbewahrungszubehoer","8":"product_cat-schoten-und-taljen","10":"first","11":"instock","12":"shipping-taxable","13":"purchasable","14":"product-type-simple"},"_links":{"self":[{"href":"https:\/\/stoic-curie.212-227-153-4.plesk.page\/de\/wp-json\/wp\/v2\/product\/3407195","targetHints":{"allow":["GET"]}}],"collection":[{"href":"https:\/\/stoic-curie.212-227-153-4.plesk.page\/de\/wp-json\/wp\/v2\/product"}],"about":[{"href":"https:\/\/stoic-curie.212-227-153-4.plesk.page\/de\/wp-json\/wp\/v2\/types\/product"}],"replies":[{"embeddable":true,"href":"https:\/\/stoic-curie.212-227-153-4.plesk.page\/de\/wp-json\/wp\/v2\/comments?post=3407195"}],"version-history":[{"count":0,"href":"https:\/\/stoic-curie.212-227-153-4.plesk.page\/de\/wp-json\/wp\/v2\/product\/3407195\/revisions"}],"wp:featuredmedia":[{"embeddable":true,"href":"https:\/\/stoic-curie.212-227-153-4.plesk.page\/de\/wp-json\/wp\/v2\/media\/5939657"}],"wp:attachment":[{"href":"https:\/\/stoic-curie.212-227-153-4.plesk.page\/de\/wp-json\/wp\/v2\/media?parent=3407195"}],"wp:term":[{"taxonomy":"product_brand","embeddable":true,"href":"https:\/\/stoic-curie.212-227-153-4.plesk.page\/de\/wp-json\/wp\/v2\/product_brand?post=3407195"},{"taxonomy":"product_cat","embeddable":true,"href":"https:\/\/stoic-curie.212-227-153-4.plesk.page\/de\/wp-json\/wp\/v2\/product_cat?post=3407195"},{"taxonomy":"product_tag","embeddable":true,"href":"https:\/\/stoic-curie.212-227-153-4.plesk.page\/de\/wp-json\/wp\/v2\/product_tag?post=3407195"}],"curies":[{"name":"wp","href":"https:\/\/api.w.org\/{rel}","templated":true}]}}