{"id":3407241,"date":"2025-10-09T22:42:13","date_gmt":"2025-10-10T02:42:13","guid":{"rendered":"https:\/\/stoic-curie.212-227-153-4.plesk.page\/product\/anlegeschoner-modell-unimer-inline-8-10-mm-tau\/"},"modified":"2026-02-24T23:34:50","modified_gmt":"2026-02-24T23:34:50","slug":"anlegeschoner-modell-unimer-inline-8-10-mm-tau","status":"publish","type":"product","link":"https:\/\/stoic-curie.212-227-153-4.plesk.page\/de\/product\/anlegeschoner-modell-unimer-inline-8-10-mm-tau\/","title":{"rendered":"Anlegeschoner Modell Unimer Inline 8\/10 mm Tau"},"content":{"rendered":"<p>Anlegeschoner Modell Unimer Inline 8\/10 mm Tau &#8211; <\/p>\n<p>Schwedischer geformter Mooring-Snubber aus nahezu unzerst\u00f6rbarem EPDM-Gummi. Die 6 L\u00f6cher f\u00fcr die Leine und die Durchf\u00fchrungen an beiden Enden gew\u00e4hrleisten die einfachste Aufh\u00e4ngung, eine sichere und gepolsterte Mooring, die Sch\u00e4den an Seilen und Klampe vermeidet und gleichzeitig die Lebensdauer Ihres Bootes verl\u00e4ngert. Erh\u00e4ltlich in 3 Gr\u00f6\u00dfen, passend f\u00fcr Leinen mit einem Durchmesser von 8 bis 20 mm.<\/p>\n","protected":false},"excerpt":{"rendered":"<p>Anlegeschoner Modell Unimer Inline 8\/10 mm Tau &#8211; Schwedischer geformter Mooring-Snubber aus nahezu unzerst\u00f6rbarem EPDM-Gummi. Die 6 L\u00f6cher f\u00fcr die<\/p>\n","protected":false},"featured_media":5939660,"comment_status":"closed","ping_status":"closed","template":"","meta":[],"product_brand":[3505],"product_cat":[1337],"product_tag":[],"class_list":{"0":"post-3407241","1":"product","2":"type-product","3":"status-publish","4":"has-post-thumbnail","6":"product_brand-unimer-de","7":"product_cat-anlegefendern-stossdaempfer","9":"first","10":"instock","11":"shipping-taxable","12":"purchasable","13":"product-type-simple"},"_links":{"self":[{"href":"https:\/\/stoic-curie.212-227-153-4.plesk.page\/de\/wp-json\/wp\/v2\/product\/3407241","targetHints":{"allow":["GET"]}}],"collection":[{"href":"https:\/\/stoic-curie.212-227-153-4.plesk.page\/de\/wp-json\/wp\/v2\/product"}],"about":[{"href":"https:\/\/stoic-curie.212-227-153-4.plesk.page\/de\/wp-json\/wp\/v2\/types\/product"}],"replies":[{"embeddable":true,"href":"https:\/\/stoic-curie.212-227-153-4.plesk.page\/de\/wp-json\/wp\/v2\/comments?post=3407241"}],"version-history":[{"count":0,"href":"https:\/\/stoic-curie.212-227-153-4.plesk.page\/de\/wp-json\/wp\/v2\/product\/3407241\/revisions"}],"wp:featuredmedia":[{"embeddable":true,"href":"https:\/\/stoic-curie.212-227-153-4.plesk.page\/de\/wp-json\/wp\/v2\/media\/5939660"}],"wp:attachment":[{"href":"https:\/\/stoic-curie.212-227-153-4.plesk.page\/de\/wp-json\/wp\/v2\/media?parent=3407241"}],"wp:term":[{"taxonomy":"product_brand","embeddable":true,"href":"https:\/\/stoic-curie.212-227-153-4.plesk.page\/de\/wp-json\/wp\/v2\/product_brand?post=3407241"},{"taxonomy":"product_cat","embeddable":true,"href":"https:\/\/stoic-curie.212-227-153-4.plesk.page\/de\/wp-json\/wp\/v2\/product_cat?post=3407241"},{"taxonomy":"product_tag","embeddable":true,"href":"https:\/\/stoic-curie.212-227-153-4.plesk.page\/de\/wp-json\/wp\/v2\/product_tag?post=3407241"}],"curies":[{"name":"wp","href":"https:\/\/api.w.org\/{rel}","templated":true}]}}