{"id":3407271,"date":"2025-10-09T22:42:14","date_gmt":"2025-10-10T02:42:14","guid":{"rendered":"https:\/\/stoic-curie.212-227-153-4.plesk.page\/product\/anlegeschoner-modell-unimer-riviera-lx-12-14-mm-tau\/"},"modified":"2026-02-24T23:34:50","modified_gmt":"2026-02-24T23:34:50","slug":"anlegeschoner-modell-unimer-riviera-lx-12-14-mm-tau","status":"publish","type":"product","link":"https:\/\/stoic-curie.212-227-153-4.plesk.page\/de\/product\/anlegeschoner-modell-unimer-riviera-lx-12-14-mm-tau\/","title":{"rendered":"Anlegeschoner Modell Unimer Riviera Lx 12\/14 mm Tau"},"content":{"rendered":"<p>Anlegeschoner Modell Unimer Riviera Lx 12\/14 mm Tau &#8211; <\/p>\n<p>Stark UV-best\u00e4ndiges elastisches Material f\u00fcr Mooring-Snubber. Es verhindert Sch\u00e4den an den Booten, indem es sofortige Lasten auf den Mooringleinen absorbiert. Es l\u00e4sst sich einfach mit nur 2 Knoten anbringen, ohne die Mooringleine zu schneiden. Der Abstand zwischen den 2 Knoten sollte fast anderthalbmal so lang sein wie die L\u00e4nge des Kompensators.<\/p>\n","protected":false},"excerpt":{"rendered":"<p>Anlegeschoner Modell Unimer Riviera Lx 12\/14 mm Tau &#8211; Stark UV-best\u00e4ndiges elastisches Material f\u00fcr Mooring-Snubber. Es verhindert Sch\u00e4den an den<\/p>\n","protected":false},"featured_media":5939664,"comment_status":"closed","ping_status":"closed","template":"","meta":[],"product_brand":[3305],"product_cat":[1337],"product_tag":[],"class_list":{"0":"post-3407271","1":"product","2":"type-product","3":"status-publish","4":"has-post-thumbnail","6":"product_brand-riviera-de","7":"product_cat-anlegefendern-stossdaempfer","9":"first","10":"instock","11":"shipping-taxable","12":"purchasable","13":"product-type-simple"},"_links":{"self":[{"href":"https:\/\/stoic-curie.212-227-153-4.plesk.page\/de\/wp-json\/wp\/v2\/product\/3407271","targetHints":{"allow":["GET"]}}],"collection":[{"href":"https:\/\/stoic-curie.212-227-153-4.plesk.page\/de\/wp-json\/wp\/v2\/product"}],"about":[{"href":"https:\/\/stoic-curie.212-227-153-4.plesk.page\/de\/wp-json\/wp\/v2\/types\/product"}],"replies":[{"embeddable":true,"href":"https:\/\/stoic-curie.212-227-153-4.plesk.page\/de\/wp-json\/wp\/v2\/comments?post=3407271"}],"version-history":[{"count":0,"href":"https:\/\/stoic-curie.212-227-153-4.plesk.page\/de\/wp-json\/wp\/v2\/product\/3407271\/revisions"}],"wp:featuredmedia":[{"embeddable":true,"href":"https:\/\/stoic-curie.212-227-153-4.plesk.page\/de\/wp-json\/wp\/v2\/media\/5939664"}],"wp:attachment":[{"href":"https:\/\/stoic-curie.212-227-153-4.plesk.page\/de\/wp-json\/wp\/v2\/media?parent=3407271"}],"wp:term":[{"taxonomy":"product_brand","embeddable":true,"href":"https:\/\/stoic-curie.212-227-153-4.plesk.page\/de\/wp-json\/wp\/v2\/product_brand?post=3407271"},{"taxonomy":"product_cat","embeddable":true,"href":"https:\/\/stoic-curie.212-227-153-4.plesk.page\/de\/wp-json\/wp\/v2\/product_cat?post=3407271"},{"taxonomy":"product_tag","embeddable":true,"href":"https:\/\/stoic-curie.212-227-153-4.plesk.page\/de\/wp-json\/wp\/v2\/product_tag?post=3407271"}],"curies":[{"name":"wp","href":"https:\/\/api.w.org\/{rel}","templated":true}]}}