{"id":3407396,"date":"2025-10-09T22:42:19","date_gmt":"2025-10-10T02:42:19","guid":{"rendered":"https:\/\/stoic-curie.212-227-153-4.plesk.page\/product\/ersatzklinge-fuer-seilschneider-fusion\/"},"modified":"2026-02-24T23:34:50","modified_gmt":"2026-02-24T23:34:50","slug":"ersatzklinge-fuer-seilschneider-fusion","status":"publish","type":"product","link":"https:\/\/stoic-curie.212-227-153-4.plesk.page\/de\/product\/ersatzklinge-fuer-seilschneider-fusion\/","title":{"rendered":"Ersatzklinge f\u00fcr Seilschneider Fusion"},"content":{"rendered":"<p>Ersatzklinge f\u00fcr Seilschneider Fusion &#8211; <\/p>\n<p>Tragbarer kabelloser, wiederaufladbarer elektrischer Seilschneider. Erreicht in wenigen Sekunden 400 \u00b0C und schneidet schnell auch dicke Seile, Geflechte und Schn\u00fcre. Eignet sich auch zum Schneiden von Segeln, Markisen, Gurten, B\u00e4ndern und jeder Art von synthetischem Gewebe. Komplett mit Klinge, Reinigungsb\u00fcrste, wiederaufladbarem Akku und Ladeger\u00e4t. Wird mit einer tragbaren Werkzeugkiste geliefert.<\/p>\n","protected":false},"excerpt":{"rendered":"<p>Ersatzklinge f\u00fcr Seilschneider Fusion &#8211; Tragbarer kabelloser, wiederaufladbarer elektrischer Seilschneider. Erreicht in wenigen Sekunden 400 \u00b0C und schneidet schnell auch<\/p>\n","protected":false},"featured_media":5939683,"comment_status":"closed","ping_status":"closed","template":"","meta":[],"product_brand":[3065],"product_cat":[1569,1326],"product_tag":[],"class_list":{"0":"post-3407396","1":"product","2":"type-product","3":"status-publish","4":"has-post-thumbnail","6":"product_brand-liros-de","7":"product_cat-segelmesser-und-werkzeuge","8":"product_cat-splicing-werkzeuge","10":"first","11":"instock","12":"shipping-taxable","13":"purchasable","14":"product-type-simple"},"_links":{"self":[{"href":"https:\/\/stoic-curie.212-227-153-4.plesk.page\/de\/wp-json\/wp\/v2\/product\/3407396","targetHints":{"allow":["GET"]}}],"collection":[{"href":"https:\/\/stoic-curie.212-227-153-4.plesk.page\/de\/wp-json\/wp\/v2\/product"}],"about":[{"href":"https:\/\/stoic-curie.212-227-153-4.plesk.page\/de\/wp-json\/wp\/v2\/types\/product"}],"replies":[{"embeddable":true,"href":"https:\/\/stoic-curie.212-227-153-4.plesk.page\/de\/wp-json\/wp\/v2\/comments?post=3407396"}],"version-history":[{"count":0,"href":"https:\/\/stoic-curie.212-227-153-4.plesk.page\/de\/wp-json\/wp\/v2\/product\/3407396\/revisions"}],"wp:featuredmedia":[{"embeddable":true,"href":"https:\/\/stoic-curie.212-227-153-4.plesk.page\/de\/wp-json\/wp\/v2\/media\/5939683"}],"wp:attachment":[{"href":"https:\/\/stoic-curie.212-227-153-4.plesk.page\/de\/wp-json\/wp\/v2\/media?parent=3407396"}],"wp:term":[{"taxonomy":"product_brand","embeddable":true,"href":"https:\/\/stoic-curie.212-227-153-4.plesk.page\/de\/wp-json\/wp\/v2\/product_brand?post=3407396"},{"taxonomy":"product_cat","embeddable":true,"href":"https:\/\/stoic-curie.212-227-153-4.plesk.page\/de\/wp-json\/wp\/v2\/product_cat?post=3407396"},{"taxonomy":"product_tag","embeddable":true,"href":"https:\/\/stoic-curie.212-227-153-4.plesk.page\/de\/wp-json\/wp\/v2\/product_tag?post=3407396"}],"curies":[{"name":"wp","href":"https:\/\/api.w.org\/{rel}","templated":true}]}}