{"id":3407452,"date":"2025-10-09T22:42:20","date_gmt":"2025-10-10T02:42:20","guid":{"rendered":"https:\/\/stoic-curie.212-227-153-4.plesk.page\/product\/nahtauftrenner-130mm-fadenschneider-fuer-segel-saecke-und-stoffe\/"},"modified":"2026-02-24T23:34:50","modified_gmt":"2026-02-24T23:34:50","slug":"nahtauftrenner-130mm-fadenschneider-fuer-segel-saecke-und-stoffe","status":"publish","type":"product","link":"https:\/\/stoic-curie.212-227-153-4.plesk.page\/de\/product\/nahtauftrenner-130mm-fadenschneider-fuer-segel-saecke-und-stoffe\/","title":{"rendered":"Nahtauftrenner 130mm Fadenschneider f\u00fcr Segel, S\u00e4cke und Stoffe"},"content":{"rendered":"<p>Nahtauftrenner 130mm Fadenschneider f\u00fcr Segel, S\u00e4cke und Stoffe &#8211; <\/p>\n<p>Fadenabschneider f\u00fcr Segel, S\u00e4cke und Stoffe.<\/p>\n","protected":false},"excerpt":{"rendered":"<p>Nahtauftrenner 130mm Fadenschneider f\u00fcr Segel, S\u00e4cke und Stoffe &#8211; Fadenabschneider f\u00fcr Segel, S\u00e4cke und Stoffe.<\/p>\n","protected":false},"featured_media":5939697,"comment_status":"closed","ping_status":"closed","template":"","meta":[],"product_brand":[3490],"product_cat":[1569,1326],"product_tag":[],"class_list":{"0":"post-3407452","1":"product","2":"type-product","3":"status-publish","4":"has-post-thumbnail","6":"product_brand-trem-de","7":"product_cat-segelmesser-und-werkzeuge","8":"product_cat-splicing-werkzeuge","10":"first","11":"instock","12":"shipping-taxable","13":"purchasable","14":"product-type-simple"},"_links":{"self":[{"href":"https:\/\/stoic-curie.212-227-153-4.plesk.page\/de\/wp-json\/wp\/v2\/product\/3407452","targetHints":{"allow":["GET"]}}],"collection":[{"href":"https:\/\/stoic-curie.212-227-153-4.plesk.page\/de\/wp-json\/wp\/v2\/product"}],"about":[{"href":"https:\/\/stoic-curie.212-227-153-4.plesk.page\/de\/wp-json\/wp\/v2\/types\/product"}],"replies":[{"embeddable":true,"href":"https:\/\/stoic-curie.212-227-153-4.plesk.page\/de\/wp-json\/wp\/v2\/comments?post=3407452"}],"version-history":[{"count":0,"href":"https:\/\/stoic-curie.212-227-153-4.plesk.page\/de\/wp-json\/wp\/v2\/product\/3407452\/revisions"}],"wp:featuredmedia":[{"embeddable":true,"href":"https:\/\/stoic-curie.212-227-153-4.plesk.page\/de\/wp-json\/wp\/v2\/media\/5939697"}],"wp:attachment":[{"href":"https:\/\/stoic-curie.212-227-153-4.plesk.page\/de\/wp-json\/wp\/v2\/media?parent=3407452"}],"wp:term":[{"taxonomy":"product_brand","embeddable":true,"href":"https:\/\/stoic-curie.212-227-153-4.plesk.page\/de\/wp-json\/wp\/v2\/product_brand?post=3407452"},{"taxonomy":"product_cat","embeddable":true,"href":"https:\/\/stoic-curie.212-227-153-4.plesk.page\/de\/wp-json\/wp\/v2\/product_cat?post=3407452"},{"taxonomy":"product_tag","embeddable":true,"href":"https:\/\/stoic-curie.212-227-153-4.plesk.page\/de\/wp-json\/wp\/v2\/product_tag?post=3407452"}],"curies":[{"name":"wp","href":"https:\/\/api.w.org\/{rel}","templated":true}]}}