{"id":3407494,"date":"2025-10-09T22:42:22","date_gmt":"2025-10-10T02:42:22","guid":{"rendered":"https:\/\/stoic-curie.212-227-153-4.plesk.page\/product\/kunststoff-spannknoepfe-38-mm-weiss\/"},"modified":"2026-02-24T23:34:50","modified_gmt":"2026-02-24T23:34:50","slug":"kunststoff-spannknoepfe-38-mm-weiss","status":"publish","type":"product","link":"https:\/\/stoic-curie.212-227-153-4.plesk.page\/de\/product\/kunststoff-spannknoepfe-38-mm-weiss\/","title":{"rendered":"Kunststoff-Spannkn\u00f6pfe 3,8 mm Wei\u00df"},"content":{"rendered":"<p>Kunststoff-Spannkn\u00f6pfe 3,8 mm Wei\u00df &#8211; <\/p>\n<p>Nylon-Lifeline-Befestigungs\u00f6sen zur Sicherung von Planen. H ohne Basis 11mm, Au\u00dfendurchmesser 12mm, Halsdurchmesser 8,5mm. 100 St\u00fcck pro Packung.<\/p>\n","protected":false},"excerpt":{"rendered":"<p>Kunststoff-Spannkn\u00f6pfe 3,8 mm Wei\u00df &#8211; Nylon-Lifeline-Befestigungs\u00f6sen zur Sicherung von Planen. H ohne Basis 11mm, Au\u00dfendurchmesser 12mm, Halsdurchmesser 8,5mm. 100 St\u00fcck<\/p>\n","protected":false},"featured_media":5939704,"comment_status":"closed","ping_status":"closed","template":"","meta":[],"product_brand":[3210],"product_cat":[1416,1402],"product_tag":[],"class_list":{"0":"post-3407494","1":"product","2":"type-product","3":"status-publish","4":"has-post-thumbnail","6":"product_brand-nuova-rade-de","7":"product_cat-befestigungsmaterial-fuer-bootsabdeckungen-und-bimini","8":"product_cat-bimini-verdecke","10":"first","11":"instock","12":"shipping-taxable","13":"purchasable","14":"product-type-simple"},"_links":{"self":[{"href":"https:\/\/stoic-curie.212-227-153-4.plesk.page\/de\/wp-json\/wp\/v2\/product\/3407494","targetHints":{"allow":["GET"]}}],"collection":[{"href":"https:\/\/stoic-curie.212-227-153-4.plesk.page\/de\/wp-json\/wp\/v2\/product"}],"about":[{"href":"https:\/\/stoic-curie.212-227-153-4.plesk.page\/de\/wp-json\/wp\/v2\/types\/product"}],"replies":[{"embeddable":true,"href":"https:\/\/stoic-curie.212-227-153-4.plesk.page\/de\/wp-json\/wp\/v2\/comments?post=3407494"}],"version-history":[{"count":0,"href":"https:\/\/stoic-curie.212-227-153-4.plesk.page\/de\/wp-json\/wp\/v2\/product\/3407494\/revisions"}],"wp:featuredmedia":[{"embeddable":true,"href":"https:\/\/stoic-curie.212-227-153-4.plesk.page\/de\/wp-json\/wp\/v2\/media\/5939704"}],"wp:attachment":[{"href":"https:\/\/stoic-curie.212-227-153-4.plesk.page\/de\/wp-json\/wp\/v2\/media?parent=3407494"}],"wp:term":[{"taxonomy":"product_brand","embeddable":true,"href":"https:\/\/stoic-curie.212-227-153-4.plesk.page\/de\/wp-json\/wp\/v2\/product_brand?post=3407494"},{"taxonomy":"product_cat","embeddable":true,"href":"https:\/\/stoic-curie.212-227-153-4.plesk.page\/de\/wp-json\/wp\/v2\/product_cat?post=3407494"},{"taxonomy":"product_tag","embeddable":true,"href":"https:\/\/stoic-curie.212-227-153-4.plesk.page\/de\/wp-json\/wp\/v2\/product_tag?post=3407494"}],"curies":[{"name":"wp","href":"https:\/\/api.w.org\/{rel}","templated":true}]}}