{"id":3407520,"date":"2025-10-09T22:42:23","date_gmt":"2025-10-10T02:42:23","guid":{"rendered":"https:\/\/stoic-curie.212-227-153-4.plesk.page\/product\/weisse-kunststoff-schraubunterlegscheiben-45-mm-100-stueck\/"},"modified":"2026-02-24T23:34:51","modified_gmt":"2026-02-24T23:34:51","slug":"weisse-kunststoff-schraubunterlegscheiben-45-mm-100-stueck","status":"publish","type":"product","link":"https:\/\/stoic-curie.212-227-153-4.plesk.page\/de\/product\/weisse-kunststoff-schraubunterlegscheiben-45-mm-100-stueck\/","title":{"rendered":"Wei\u00dfe Kunststoff Schraubunterlegscheiben 4,5 mm 100 St\u00fcck"},"content":{"rendered":"<p>Wei\u00dfe Kunststoff Schraubunterlegscheiben 4,5 mm 100 St\u00fcck &#8211; <\/p>\n<p>Kunststoff-Montagewaschscheiben. 100 St\u00fcck pro Packung.<\/p>\n","protected":false},"excerpt":{"rendered":"<p>Wei\u00dfe Kunststoff Schraubunterlegscheiben 4,5 mm 100 St\u00fcck &#8211; Kunststoff-Montagewaschscheiben. 100 St\u00fcck pro Packung.<\/p>\n","protected":false},"featured_media":5939706,"comment_status":"closed","ping_status":"closed","template":"","meta":[],"product_brand":[3210],"product_cat":[1430],"product_tag":[],"class_list":{"0":"post-3407520","1":"product","2":"type-product","3":"status-publish","4":"has-post-thumbnail","6":"product_brand-nuova-rade-de","7":"product_cat-edelstahl-unterlegscheiben","9":"first","10":"instock","11":"shipping-taxable","12":"purchasable","13":"product-type-simple"},"_links":{"self":[{"href":"https:\/\/stoic-curie.212-227-153-4.plesk.page\/de\/wp-json\/wp\/v2\/product\/3407520","targetHints":{"allow":["GET"]}}],"collection":[{"href":"https:\/\/stoic-curie.212-227-153-4.plesk.page\/de\/wp-json\/wp\/v2\/product"}],"about":[{"href":"https:\/\/stoic-curie.212-227-153-4.plesk.page\/de\/wp-json\/wp\/v2\/types\/product"}],"replies":[{"embeddable":true,"href":"https:\/\/stoic-curie.212-227-153-4.plesk.page\/de\/wp-json\/wp\/v2\/comments?post=3407520"}],"version-history":[{"count":0,"href":"https:\/\/stoic-curie.212-227-153-4.plesk.page\/de\/wp-json\/wp\/v2\/product\/3407520\/revisions"}],"wp:featuredmedia":[{"embeddable":true,"href":"https:\/\/stoic-curie.212-227-153-4.plesk.page\/de\/wp-json\/wp\/v2\/media\/5939706"}],"wp:attachment":[{"href":"https:\/\/stoic-curie.212-227-153-4.plesk.page\/de\/wp-json\/wp\/v2\/media?parent=3407520"}],"wp:term":[{"taxonomy":"product_brand","embeddable":true,"href":"https:\/\/stoic-curie.212-227-153-4.plesk.page\/de\/wp-json\/wp\/v2\/product_brand?post=3407520"},{"taxonomy":"product_cat","embeddable":true,"href":"https:\/\/stoic-curie.212-227-153-4.plesk.page\/de\/wp-json\/wp\/v2\/product_cat?post=3407520"},{"taxonomy":"product_tag","embeddable":true,"href":"https:\/\/stoic-curie.212-227-153-4.plesk.page\/de\/wp-json\/wp\/v2\/product_tag?post=3407520"}],"curies":[{"name":"wp","href":"https:\/\/api.w.org\/{rel}","templated":true}]}}