{"id":3407677,"date":"2025-10-09T22:42:29","date_gmt":"2025-10-10T02:42:29","guid":{"rendered":"https:\/\/stoic-curie.212-227-153-4.plesk.page\/product\/gabelstaender-biminis-kunststoff-nylon-weiss\/"},"modified":"2026-02-24T23:34:51","modified_gmt":"2026-02-24T23:34:51","slug":"gabelstaender-biminis-kunststoff-nylon-weiss","status":"publish","type":"product","link":"https:\/\/stoic-curie.212-227-153-4.plesk.page\/de\/product\/gabelstaender-biminis-kunststoff-nylon-weiss\/","title":{"rendered":"Gabelst\u00e4nder Biminis Kunststoff Nylon wei\u00df"},"content":{"rendered":"<p>Gabelst\u00e4nder Biminis Kunststoff Nylon wei\u00df &#8211; <\/p>\n<p>Biminis Kunststoffgabelhalterbuchse.<\/p>\n","protected":false},"excerpt":{"rendered":"<p>Gabelst\u00e4nder Biminis Kunststoff Nylon wei\u00df &#8211; Biminis Kunststoffgabelhalterbuchse.<\/p>\n","protected":false},"featured_media":5939737,"comment_status":"closed","ping_status":"closed","template":"","meta":[],"product_brand":[3185],"product_cat":[1416,1402],"product_tag":[],"class_list":{"0":"post-3407677","1":"product","2":"type-product","3":"status-publish","4":"has-post-thumbnail","6":"product_brand-nettuno-de","7":"product_cat-befestigungsmaterial-fuer-bootsabdeckungen-und-bimini","8":"product_cat-bimini-verdecke","10":"first","11":"instock","12":"shipping-taxable","13":"purchasable","14":"product-type-simple"},"_links":{"self":[{"href":"https:\/\/stoic-curie.212-227-153-4.plesk.page\/de\/wp-json\/wp\/v2\/product\/3407677","targetHints":{"allow":["GET"]}}],"collection":[{"href":"https:\/\/stoic-curie.212-227-153-4.plesk.page\/de\/wp-json\/wp\/v2\/product"}],"about":[{"href":"https:\/\/stoic-curie.212-227-153-4.plesk.page\/de\/wp-json\/wp\/v2\/types\/product"}],"replies":[{"embeddable":true,"href":"https:\/\/stoic-curie.212-227-153-4.plesk.page\/de\/wp-json\/wp\/v2\/comments?post=3407677"}],"version-history":[{"count":0,"href":"https:\/\/stoic-curie.212-227-153-4.plesk.page\/de\/wp-json\/wp\/v2\/product\/3407677\/revisions"}],"wp:featuredmedia":[{"embeddable":true,"href":"https:\/\/stoic-curie.212-227-153-4.plesk.page\/de\/wp-json\/wp\/v2\/media\/5939737"}],"wp:attachment":[{"href":"https:\/\/stoic-curie.212-227-153-4.plesk.page\/de\/wp-json\/wp\/v2\/media?parent=3407677"}],"wp:term":[{"taxonomy":"product_brand","embeddable":true,"href":"https:\/\/stoic-curie.212-227-153-4.plesk.page\/de\/wp-json\/wp\/v2\/product_brand?post=3407677"},{"taxonomy":"product_cat","embeddable":true,"href":"https:\/\/stoic-curie.212-227-153-4.plesk.page\/de\/wp-json\/wp\/v2\/product_cat?post=3407677"},{"taxonomy":"product_tag","embeddable":true,"href":"https:\/\/stoic-curie.212-227-153-4.plesk.page\/de\/wp-json\/wp\/v2\/product_tag?post=3407677"}],"curies":[{"name":"wp","href":"https:\/\/api.w.org\/{rel}","templated":true}]}}