{"id":3408250,"date":"2025-10-09T22:42:50","date_gmt":"2025-10-10T02:42:50","guid":{"rendered":"https:\/\/stoic-curie.212-227-153-4.plesk.page\/product\/edelstahl-augen-schnellanschluss-fuer-kabel-6mm\/"},"modified":"2026-02-24T23:34:51","modified_gmt":"2026-02-24T23:34:51","slug":"edelstahl-augen-schnellanschluss-fuer-kabel-6mm","status":"publish","type":"product","link":"https:\/\/stoic-curie.212-227-153-4.plesk.page\/de\/product\/edelstahl-augen-schnellanschluss-fuer-kabel-6mm\/","title":{"rendered":"Edelstahl-Augen-Schnellanschluss f\u00fcr Kabel 6mm"},"content":{"rendered":"<p>Edelstahl-Augen-Schnellanschluss f\u00fcr Kabel 6mm &#8211; <\/p>\n<p>316 Edelstahl swageless Augenterminals. Au\u00dfergew\u00f6hnliche Haltekraft, die dem Bruchlast der Drahtseile entspricht. Einfach zu montieren, einfach den Stahldraht in den Terminal einsetzen und die Spindel f\u00e4ngt ihn automatisch ein. Geeignet f\u00fcr alle Arten von Stahldr\u00e4hten (19\/49\/133 Dr\u00e4hte).<\/p>\n","protected":false},"excerpt":{"rendered":"<p>Edelstahl-Augen-Schnellanschluss f\u00fcr Kabel 6mm &#8211; 316 Edelstahl swageless Augenterminals. Au\u00dfergew\u00f6hnliche Haltekraft, die dem Bruchlast der Drahtseile entspricht. Einfach zu montieren,<\/p>\n","protected":false},"featured_media":5939822,"comment_status":"closed","ping_status":"closed","template":"","meta":[],"product_brand":[3120],"product_cat":[1409,1478],"product_tag":[],"class_list":{"0":"post-3408250","1":"product","2":"type-product","3":"status-publish","4":"has-post-thumbnail","6":"product_brand-marinetech-de","7":"product_cat-edelstahl-seilendklemmen","8":"product_cat-segelbootbeschlaege","10":"first","11":"instock","12":"shipping-taxable","13":"purchasable","14":"product-type-simple"},"_links":{"self":[{"href":"https:\/\/stoic-curie.212-227-153-4.plesk.page\/de\/wp-json\/wp\/v2\/product\/3408250","targetHints":{"allow":["GET"]}}],"collection":[{"href":"https:\/\/stoic-curie.212-227-153-4.plesk.page\/de\/wp-json\/wp\/v2\/product"}],"about":[{"href":"https:\/\/stoic-curie.212-227-153-4.plesk.page\/de\/wp-json\/wp\/v2\/types\/product"}],"replies":[{"embeddable":true,"href":"https:\/\/stoic-curie.212-227-153-4.plesk.page\/de\/wp-json\/wp\/v2\/comments?post=3408250"}],"version-history":[{"count":0,"href":"https:\/\/stoic-curie.212-227-153-4.plesk.page\/de\/wp-json\/wp\/v2\/product\/3408250\/revisions"}],"wp:featuredmedia":[{"embeddable":true,"href":"https:\/\/stoic-curie.212-227-153-4.plesk.page\/de\/wp-json\/wp\/v2\/media\/5939822"}],"wp:attachment":[{"href":"https:\/\/stoic-curie.212-227-153-4.plesk.page\/de\/wp-json\/wp\/v2\/media?parent=3408250"}],"wp:term":[{"taxonomy":"product_brand","embeddable":true,"href":"https:\/\/stoic-curie.212-227-153-4.plesk.page\/de\/wp-json\/wp\/v2\/product_brand?post=3408250"},{"taxonomy":"product_cat","embeddable":true,"href":"https:\/\/stoic-curie.212-227-153-4.plesk.page\/de\/wp-json\/wp\/v2\/product_cat?post=3408250"},{"taxonomy":"product_tag","embeddable":true,"href":"https:\/\/stoic-curie.212-227-153-4.plesk.page\/de\/wp-json\/wp\/v2\/product_tag?post=3408250"}],"curies":[{"name":"wp","href":"https:\/\/api.w.org\/{rel}","templated":true}]}}