{"id":3408405,"date":"2025-10-09T22:42:56","date_gmt":"2025-10-10T02:42:56","guid":{"rendered":"https:\/\/stoic-curie.212-227-153-4.plesk.page\/product\/stainless-steel-seilrolle-triple-mit-wirbel-sprenger-26mm-fuer-leinen-bis-6mm\/"},"modified":"2026-02-24T23:34:51","modified_gmt":"2026-02-24T23:34:51","slug":"stainless-steel-seilrolle-triple-mit-wirbel-sprenger-26mm-fuer-leinen-bis-6mm","status":"publish","type":"product","link":"https:\/\/stoic-curie.212-227-153-4.plesk.page\/de\/product\/stainless-steel-seilrolle-triple-mit-wirbel-sprenger-26mm-fuer-leinen-bis-6mm\/","title":{"rendered":"Stainless Steel Seilrolle Triple mit Wirbel Sprenger 26mm f\u00fcr Leinen bis 6mm"},"content":{"rendered":"<p>Stainless Steel Seilrolle Triple mit Wirbel Sprenger 26mm f\u00fcr Leinen bis 6mm &#8211; <\/p>\n<p>Gleitlager HS Bl\u00f6cke f\u00fcr Seile bis 6 mm. Gleitlager: UV-best\u00e4ndiger Hi-Q Kunststoff. Scheibendurchmesser 26 mm: UV-best\u00e4ndiger Hi-Q Kunststoff. Wangen: Edelstahl. Bruchlast: 700 kg.<\/p>\n","protected":false},"excerpt":{"rendered":"<p>Stainless Steel Seilrolle Triple mit Wirbel Sprenger 26mm f\u00fcr Leinen bis 6mm &#8211; Gleitlager HS Bl\u00f6cke f\u00fcr Seile bis 6<\/p>\n","protected":false},"featured_media":5939842,"comment_status":"closed","ping_status":"closed","template":"","meta":[],"product_brand":[3430],"product_cat":[1482],"product_tag":[],"class_list":{"0":"post-3408405","1":"product","2":"type-product","3":"status-publish","4":"has-post-thumbnail","6":"product_brand-sprenger-hs-de","7":"product_cat-sprenger-bloecke","9":"first","10":"instock","11":"shipping-taxable","12":"purchasable","13":"product-type-simple"},"_links":{"self":[{"href":"https:\/\/stoic-curie.212-227-153-4.plesk.page\/de\/wp-json\/wp\/v2\/product\/3408405","targetHints":{"allow":["GET"]}}],"collection":[{"href":"https:\/\/stoic-curie.212-227-153-4.plesk.page\/de\/wp-json\/wp\/v2\/product"}],"about":[{"href":"https:\/\/stoic-curie.212-227-153-4.plesk.page\/de\/wp-json\/wp\/v2\/types\/product"}],"replies":[{"embeddable":true,"href":"https:\/\/stoic-curie.212-227-153-4.plesk.page\/de\/wp-json\/wp\/v2\/comments?post=3408405"}],"version-history":[{"count":0,"href":"https:\/\/stoic-curie.212-227-153-4.plesk.page\/de\/wp-json\/wp\/v2\/product\/3408405\/revisions"}],"wp:featuredmedia":[{"embeddable":true,"href":"https:\/\/stoic-curie.212-227-153-4.plesk.page\/de\/wp-json\/wp\/v2\/media\/5939842"}],"wp:attachment":[{"href":"https:\/\/stoic-curie.212-227-153-4.plesk.page\/de\/wp-json\/wp\/v2\/media?parent=3408405"}],"wp:term":[{"taxonomy":"product_brand","embeddable":true,"href":"https:\/\/stoic-curie.212-227-153-4.plesk.page\/de\/wp-json\/wp\/v2\/product_brand?post=3408405"},{"taxonomy":"product_cat","embeddable":true,"href":"https:\/\/stoic-curie.212-227-153-4.plesk.page\/de\/wp-json\/wp\/v2\/product_cat?post=3408405"},{"taxonomy":"product_tag","embeddable":true,"href":"https:\/\/stoic-curie.212-227-153-4.plesk.page\/de\/wp-json\/wp\/v2\/product_tag?post=3408405"}],"curies":[{"name":"wp","href":"https:\/\/api.w.org\/{rel}","templated":true}]}}